{"id":1886,"date":"2025-10-19T13:33:53","date_gmt":"2025-10-19T16:33:53","guid":{"rendered":"https:\/\/scriptsbarato.com\/?post_type=product&#038;p=1886"},"modified":"2025-12-06T16:55:11","modified_gmt":"2025-12-06T19:55:11","slug":"template-blogger-de-restaurante-hamburgueria-delivery-e-outros","status":"publish","type":"product","link":"https:\/\/scriptsbarato.com\/?product=template-blogger-de-restaurante-hamburgueria-delivery-e-outros","title":{"rendered":"Template Blogger De Restaurante Hamburgueria Delivery e Outros"},"content":{"rendered":"<p>Template DogDelivery Oficial &#8211; [Pedidos no Seu Whatsapp]<\/p>\n<p>Tenha o seu pr\u00f3prio site de Delivery por Menos de R$ 100,00<\/p>\n<p>Nosso Template Blogger anota os pedidos e envia automaticamente para seu whatsapp.<\/p>\n<p>Site Card\u00e1pio QRcode Digital Online tipo Sistema do Ifood<\/p>\n<p>Template Dog Delivery<\/p>\n<p>Sua Loja Virtual Delivery sem mensalidade integrada ao whatsapp.<\/p>\n<p>Seu cliente acessa a loja, Faz o pedido, Informa o endere\u00e7o e voc\u00ea recebe o pedido no Whatsapp imediatamente.<\/p>\n<p>&nbsp;<\/p>\n<p>Benef\u00edcios :<\/p>\n<p>&nbsp;<\/p>\n<p>Instala\u00e7\u00e3o f\u00e1cil em 3 passos<\/p>\n<p>100% em Portugu\u00eas<\/p>\n<p>Pode aparecer no Google<\/p>\n<p>Produtos Ilimitados<\/p>\n<p>Visitas Ilimitadas<\/p>\n<p>Pode receber an\u00fancios<\/p>\n<p>Links para Redes sociais<\/p>\n<p>Painel de Configura\u00e7\u00e3o<\/p>\n<p>Estat\u00edsticas de Tr\u00e1fego<\/p>\n<p>Template Blogger<\/p>\n<p>Compat\u00edvel com QRcode<\/p>\n<p>Se adapta a tela de celular<\/p>\n<p>Carregamento R\u00e1pido<\/p>\n<p>P\u00e1gina Leve<\/p>\n<p>Aceita c\u00f3digos Externos<\/p>\n<p>Integrado com Whatsapp<\/p>\n<p>N\u00e3o precisa pagar mensalidade<\/p>\n<p>N\u00e3o precisa pagar dom\u00ednio<\/p>\n<p>N\u00e3o tem nenhum outro custo extra<\/p>\n<p>Vem com Manual de Uso<\/p>\n<p>Vem com Produtos demonstra\u00e7\u00e3o<\/p>\n<p>Serve para Pizzaria, Lanchonete, Hamburgueria, Comida Chinesa, A\u00e7a\u00ed, Pastelaria, Restaurantes, e todo tipo de Delivery.<\/p>\n<p>&nbsp;<\/p>\n<p>Veja uma demonstra\u00e7\u00e3o :<\/p>\n<p><a href=\"https:\/\/dogdeliverytop.blogspot.com\/\"><img decoding=\"async\" class=\"alignnone size-full wp-image-1766\" src=\"https:\/\/scriptsbarato.com\/wp-content\/uploads\/2025\/09\/veraovivo.png\" alt=\"\" width=\"276\" height=\"43\" srcset=\"https:\/\/scriptsbarato.com\/wp-content\/uploads\/2025\/09\/veraovivo.png 276w, https:\/\/scriptsbarato.com\/wp-content\/uploads\/2025\/09\/veraovivo-64x10.png 64w\" sizes=\"(max-width: 276px) 100vw, 276px\" \/><\/a><\/p>\n<p>&nbsp;<\/p>\n<p>&nbsp;<\/p>\n<p>Site de Delivery sem Mensalidade<\/p>\n<p>Site Delivery &#8211; Whatsapp &#8211; Sem Mensalidade<\/p>\n<p>Template Site de Delivery &#8211; N\u00e3o \u00e9 Wodpress<\/p>\n<p>Promo\u00e7\u00e3o de R$ 100,00 por apenas :<\/p>\n<p>RS 57,89<\/p>\n<p>ENTREGA:<br \/>\n\u2013 Entrega imediata ap\u00f3s confirma\u00e7\u00e3o do Pagamento!<br \/>\n\u2013 Download dispon\u00edvel no Painel do Usu\u00e1rio<\/p>\n","protected":false},"excerpt":{"rendered":"<p>Template DogDelivery Oficial &#8211; [Pedidos no Seu Whatsapp] Tenha o seu pr\u00f3prio site de Delivery por Menos de R$ 100,00 Nosso Template Blogger anota os pedidos e envia automaticamente para seu whatsapp. Site Card\u00e1pio QRcode Digital Online tipo Sistema do Ifood Template Dog Delivery Sua Loja Virtual Delivery sem mensalidade integrada ao whatsapp. Seu cliente [&hellip;]<\/p>\n","protected":false},"featured_media":1899,"template":"","meta":[],"product_brand":[],"product_cat":[82],"product_tag":[],"class_list":{"0":"post-1886","1":"product","2":"type-product","3":"status-publish","4":"has-post-thumbnail","6":"product_cat-blogger","8":"first","9":"instock","10":"downloadable","11":"virtual","12":"purchasable","13":"product-type-simple"},"_links":{"self":[{"href":"https:\/\/scriptsbarato.com\/index.php?rest_route=\/wp\/v2\/product\/1886","targetHints":{"allow":["GET"]}}],"collection":[{"href":"https:\/\/scriptsbarato.com\/index.php?rest_route=\/wp\/v2\/product"}],"about":[{"href":"https:\/\/scriptsbarato.com\/index.php?rest_route=\/wp\/v2\/types\/product"}],"wp:featuredmedia":[{"embeddable":true,"href":"https:\/\/scriptsbarato.com\/index.php?rest_route=\/wp\/v2\/media\/1899"}],"wp:attachment":[{"href":"https:\/\/scriptsbarato.com\/index.php?rest_route=%2Fwp%2Fv2%2Fmedia&parent=1886"}],"wp:term":[{"taxonomy":"product_brand","embeddable":true,"href":"https:\/\/scriptsbarato.com\/index.php?rest_route=%2Fwp%2Fv2%2Fproduct_brand&post=1886"},{"taxonomy":"product_cat","embeddable":true,"href":"https:\/\/scriptsbarato.com\/index.php?rest_route=%2Fwp%2Fv2%2Fproduct_cat&post=1886"},{"taxonomy":"product_tag","embeddable":true,"href":"https:\/\/scriptsbarato.com\/index.php?rest_route=%2Fwp%2Fv2%2Fproduct_tag&post=1886"}],"curies":[{"name":"wp","href":"https:\/\/api.w.org\/{rel}","templated":true}]}}