{"id":1872,"date":"2025-10-13T09:27:53","date_gmt":"2025-10-13T12:27:53","guid":{"rendered":"https:\/\/scriptsbarato.com\/?post_type=product&#038;p=1872"},"modified":"2025-12-06T16:55:30","modified_gmt":"2025-12-06T19:55:30","slug":"gestor-de-delivery-com-chatbot","status":"publish","type":"product","link":"https:\/\/scriptsbarato.com\/?product=gestor-de-delivery-com-chatbot","title":{"rendered":"Gestor De Delivery Com chatbot"},"content":{"rendered":"<p><a class=\"elementor-toggle-title\"><span style=\"color: %23ffffcc; font-size: large;\">Aten\u00e7\u00e3o s\u00f3 compre se tiver certeza.<\/span><\/a><\/p>\n<div>\n<p><span style=\"color: %23ffffcc; font-size: large;\">&gt;Material para quem entende de Hospedagem e configura\u00e7\u00e3o de sites&lt;<\/span><\/p>\n<div><span style=\"color: %23ffffcc; font-size: large;\">\u00a0<\/span><\/div>\n<div><span style=\"color: %23ffffcc; font-size: large;\"><span style=\"color: %23ffffcc; font-size: large;\"><br \/>\n&gt;Recomendamos Hospedagem de Boa Qualidade.<br \/>\nse precisar podemos indicar uma.<\/span><\/span>&gt; Produto Digital n\u00e3o tem Devolu\u00e7\u00f5es.<\/div>\n<\/div>\n<div><span style=\"color: %23ff0000; font-size: x-large;\">\u00a0<\/span><\/div>\n<p><span style=\"color: %23cc0000; font-size: x-large;\">OBS: \u00c9 PRECISO TER O DELPHI\u00a0<\/span><\/p>\n<div><b><span style=\"font-size: x-large;\">ENVIO AUTOMATICO + TUTORIAL COM VIDEO<\/span><\/b><\/div>\n<div><b><span style=\"font-size: x-large;\">N\u00c3O INSTALAMOS<\/span><\/b><\/div>\n<p>&nbsp;<\/p>\n<div>\n<div>\n<p>C\u00f3digo Fonte Java + Mysql + Jasper | Restaurante + Delivery<br \/>\nC\u00f3digo fonte JAVA desenvolvido no NetBeans com banco de dados em MySQL e relat\u00f3rios em Jasper.<br \/>\nO C\u00f3digo n\u00e3o est\u00e1 completo, n\u00e3o est\u00e1 pronto para ser implantado. \u00c9 recomendado apenas para estudo ou complementar algum projeto usando as ideias e ferramentas de nosso c\u00f3digo fonte. O motivo de n\u00e3o estar &#8220;completo&#8221; \u00e9 de \u00a0ter feito ele para TCC, foram usados muitos recursos legais, interessantes, mas n\u00e3o foi poss\u00edvel\u00a0termina-lo para poder vender em restaurantes e etc, por isso decidi vender para que outros programadores possam aproveitar a estrutura e criar um programa legal, com melhorias.<\/p>\n<p>O programa cont\u00e9m:<\/p>\n<p>&#8211; Cadastro de clientes<br \/>\n&#8211; Cadastro de funcion\u00e1rios e usu\u00e1rios do sistema<br \/>\n&#8211; Cadastro de Produtos<br \/>\n&#8211; Registro de pedidos<br \/>\n&#8211; P\u00e1gina com todos os pedidos em aberto<br \/>\n&#8211; Tabela com detalhe dos pedidos<br \/>\n&#8211; Relat\u00f3rios de vendas, mesa, clientes, Delivery e produtos<br \/>\n&#8211; C\u00f3digo de f\u00e1cil entendimento<br \/>\n&#8211; Conex\u00e3o externa com banco de dados via DLL<\/p>\n<p>Pergunta: Amigo, esse c\u00f3digo pode ser personalizado, inclusive imagens?<\/p>\n<p>Resposta: Pode personalizar tudo amigo.<\/p>\n<p>Pergunta: vc usou que ide e banco de dados ?<\/p>\n<p>Resposta: Java com NetBeans e banco de dados MySQL.<\/p>\n<p>Pergunta: Pode &#8211; se alterar algumas interfaces do c\u00f3digo para um projeto final?grato!<\/p>\n<p>Resposta: Opa, com certeza. \u00e9 s\u00f3 codig fonte.<\/p>\n<p>Pergunta:Bom dia, esse programa funcionar\u00e1 tamb\u00e9m no celular?<\/p>\n<p>Resposta: Programado para computadores, da pra voc\u00ea mesmo aproveitar os recursos e fazer ele para celular tamb\u00e9m.<\/p>\n<p>Pergunta: Boa noite, foi qual ide utilizada?<\/p>\n<p>Resposta: Boa noite, foi programado no NetBeans e SQLserver .<\/p>\n<p>Pergunta: Tipo assim a pergunta: se eu quiser usar ele em uma lanchonete ele ja server, sem precisar eu ter que mexer nele?<\/p>\n<p>Resposta: N\u00e3o recomendo, acho melhor pegar ele e dar uma complementada nele, colocar alguns recursos legais pra depois colocar em uso.<\/p>\n<p>Pergunta: Mais o sistema ta salvando em banco de dados, ou seja funcionando direito ?!<\/p>\n<p>Resposta: \u00a0Salva no banco de dados sim, na descri\u00e7\u00e3o eu digo que falta alguns ajustes, realmente faltam, o programa est\u00e1 incompleto, mas salva no banco de dados sim.<\/p>\n<\/div>\n<\/div>\n","protected":false},"excerpt":{"rendered":"<p>Aten\u00e7\u00e3o s\u00f3 compre se tiver certeza. &gt;Material para quem entende de Hospedagem e configura\u00e7\u00e3o de sites&lt; \u00a0 &gt;Recomendamos Hospedagem de Boa Qualidade. se precisar podemos indicar uma.&gt; Produto Digital n\u00e3o tem Devolu\u00e7\u00f5es. \u00a0 OBS: \u00c9 PRECISO TER O DELPHI\u00a0 ENVIO AUTOMATICO + TUTORIAL COM VIDEO N\u00c3O INSTALAMOS &nbsp; C\u00f3digo Fonte Java + Mysql + Jasper [&hellip;]<\/p>\n","protected":false},"featured_media":1873,"template":"","meta":[],"product_brand":[],"product_cat":[86],"product_tag":[],"class_list":{"0":"post-1872","1":"product","2":"type-product","3":"status-publish","4":"has-post-thumbnail","6":"product_cat-delivery","8":"first","9":"instock","10":"sale","11":"downloadable","12":"virtual","13":"purchasable","14":"product-type-simple"},"_links":{"self":[{"href":"https:\/\/scriptsbarato.com\/index.php?rest_route=\/wp\/v2\/product\/1872","targetHints":{"allow":["GET"]}}],"collection":[{"href":"https:\/\/scriptsbarato.com\/index.php?rest_route=\/wp\/v2\/product"}],"about":[{"href":"https:\/\/scriptsbarato.com\/index.php?rest_route=\/wp\/v2\/types\/product"}],"wp:featuredmedia":[{"embeddable":true,"href":"https:\/\/scriptsbarato.com\/index.php?rest_route=\/wp\/v2\/media\/1873"}],"wp:attachment":[{"href":"https:\/\/scriptsbarato.com\/index.php?rest_route=%2Fwp%2Fv2%2Fmedia&parent=1872"}],"wp:term":[{"taxonomy":"product_brand","embeddable":true,"href":"https:\/\/scriptsbarato.com\/index.php?rest_route=%2Fwp%2Fv2%2Fproduct_brand&post=1872"},{"taxonomy":"product_cat","embeddable":true,"href":"https:\/\/scriptsbarato.com\/index.php?rest_route=%2Fwp%2Fv2%2Fproduct_cat&post=1872"},{"taxonomy":"product_tag","embeddable":true,"href":"https:\/\/scriptsbarato.com\/index.php?rest_route=%2Fwp%2Fv2%2Fproduct_tag&post=1872"}],"curies":[{"name":"wp","href":"https:\/\/api.w.org\/{rel}","templated":true}]}}