{"id":1536,"date":"2025-09-15T15:01:09","date_gmt":"2025-09-15T18:01:09","guid":{"rendered":"https:\/\/cofresecia.com.br\/loja\/?post_type=product&#038;p=1536"},"modified":"2025-09-24T14:52:47","modified_gmt":"2025-09-24T17:52:47","slug":"script-de-rifa-em-php-10-milhoes-de-cotas","status":"publish","type":"product","link":"https:\/\/scriptsbarato.com\/?product=script-de-rifa-em-php-10-milhoes-de-cotas","title":{"rendered":"Script de Rifa  10 Milh\u00f5es de Cotas"},"content":{"rendered":"<h3 style=\"text-align: center;\"><a href=\"https:\/\/drax.3rifas.com\/\">Demonstra\u00e7\u00e3o<\/a><\/h3>\n<p>&nbsp;<\/p>\n<p>\u2705 QR CODE PIX AUTOM\u00c1TICO MERCADO PAGO\u00a0\u00a0\u00a0( API DO MERCADO PAGO ATUALIZADA)<br \/>\n\u2705 QR CODE PIX AUTOM\u00c1TICO OPEN PIX\u00a0\u00a0\u00a0( API DO OPEN PIX ATUALIZADA)<br \/>\n\u2705 QR CODE PIX AUTOM\u00c1TICO PAY2M\u00a0\u00a0\u00a0( API DO PAY2M ATUALIZADA)<br \/>\n\u2705 QR CODE PIX AUTOM\u00c1TICO MODULO PAGGUE (API DO PAGGUE N\u00c3O ATUALIZADO)<br \/>\n\u2705 INTEGRA\u00c7\u00c3O COM GERENCIANET (API GERENCIANET PRECISA ATUALIZAR)<br \/>\n\u2705 PIXEL DO FACEBOOK<br \/>\n\u2705 VENDA DE RIFA POR LOTE<br \/>\n\u2705 NOTIFICA\u00c7\u00c3O VIA \u00a0APP APOS PEDIDO (NOVO)<br \/>\n\u2705 10 MILH\u00c3O DE N\u00daMEROS<br \/>\n\u2705 PROMO\u00c7\u00d5ES POR RIFA<br \/>\n\u2705 COMPRA AUTOM\u00c1TICA O SISTEMA ESCOLHE OS N\u00daMEROS ALEAT\u00d3RIOS<br \/>\n\u2705 SISTEMA SUPER R\u00c1PIDO NA ESCOLHA DE N\u00daMEROS ALEAT\u00d3RIOS (NOVO)<br \/>\n\u2705 COMPRA MANUAL ONDE O CLIENTE ESCOLHE O N\u00daMERO<br \/>\n\u2705 TEMPO DA RESERVA AGORA POR MINUTOS<br \/>\n\u2705 SAISTEMA CANCELA O PEDIDO SEM PAGAMENTO DENTRO DO TEMPO (NOVO)<br \/>\n\u2705 GERA\u00c7\u00c3O DE LISTA DE PARTICIPANTES DE CADA RIFA.<br \/>\n\u2705 CONSULTA POR TELEFONE E COM A OP\u00c7\u00c3O PAGAR<br \/>\n\u2705 SUPORTA AT\u00c9 10 MILH\u00d5ES DE COTAS POR RIFA<br \/>\n\u2705 SISTEMA DE AFILIADOS<br \/>\n\u2705 DESIGNER PROFISSIONAL<br \/>\n\u2705 RANKING TOP COMPRADOR<br \/>\n\u2705 RIFAS ILIMITADAS<\/p>\n<p>Rifa super r\u00e1pida usando hospedagem da Hostinger<br \/>\nBugs conhecidos corrigidos<br \/>\n\u2705 N\u00fameros Aleat\u00f3rios<br \/>\n\u2705 Sistema de Afiliados<br \/>\n\u2705 Mensagens por whatsapp (precisa de API)<br \/>\n\u2705 N\u00fameros Premiados<br \/>\nScript pronto para instalar e usar,\u00a0\u00a0destinado para\u00a0usu\u00e1rio final (Criptografado) .<br \/>\nvers\u00e3o 1.8.0<br \/>\nRequisitos:<br \/>\nHospedagem com php 8.1\u00a0e ioncube ativado.<br \/>\nSistema sem limites de uso e sem licen\u00e7a.<\/p>\n<p>&nbsp;<\/p>\n<p>&gt;&gt; ATEN\u00c7\u00c3O ATEN\u00c7\u00c3O:\u00a0===========================<\/p>\n<p>\u2013 DEVIDO AO BAIXO CUSTO DO PRODUTO N\u00c3O DAMOS SUPORTE A INSTALA\u00c7\u00c3O!<br \/>\nN\u00c3O DAMOS SUPORTE A USABILIDADE!<br \/>\n\u2013 Tem que ir mexendo para aprender!<\/p>\n<p>&gt;&gt; ENTREGA:\u00a0===========================<\/p>\n<p>\u2013 Entrega imediata ap\u00f3s confirma\u00e7\u00e3o do Pagamento!<br \/>\n\u2013\u00a0Download dispon\u00edvel no\u00a0Painel do Usu\u00e1rio<\/p>\n<div class=\"elementor-element elementor-element-5d977a26 elementor-alert-warning elementor-widget elementor-widget-alert\" data-id=\"5d977a26\" data-element_type=\"widget\" data-widget_type=\"alert.default\">\n<div class=\"elementor-widget-container\">\n<div class=\"elementor-alert\" role=\"alert\"><\/div>\n<\/div>\n<\/div>\n","protected":false},"excerpt":{"rendered":"<p>Demonstra\u00e7\u00e3o &nbsp; \u2705 QR CODE PIX AUTOM\u00c1TICO MERCADO PAGO\u00a0\u00a0\u00a0( API DO MERCADO PAGO ATUALIZADA) \u2705 QR CODE PIX AUTOM\u00c1TICO OPEN PIX\u00a0\u00a0\u00a0( API DO OPEN PIX ATUALIZADA) \u2705 QR CODE PIX AUTOM\u00c1TICO PAY2M\u00a0\u00a0\u00a0( API DO PAY2M ATUALIZADA) \u2705 QR CODE PIX AUTOM\u00c1TICO MODULO PAGGUE (API DO PAGGUE N\u00c3O ATUALIZADO) \u2705 INTEGRA\u00c7\u00c3O COM GERENCIANET (API GERENCIANET PRECISA [&hellip;]<\/p>\n","protected":false},"featured_media":1537,"template":"","meta":[],"product_brand":[],"product_cat":[83,76],"product_tag":[],"class_list":{"0":"post-1536","1":"product","2":"type-product","3":"status-publish","4":"has-post-thumbnail","6":"product_cat-rifas","7":"product_cat-sites-em-php","9":"first","10":"instock","11":"downloadable","12":"shipping-taxable","13":"purchasable","14":"product-type-simple"},"_links":{"self":[{"href":"https:\/\/scriptsbarato.com\/index.php?rest_route=\/wp\/v2\/product\/1536","targetHints":{"allow":["GET"]}}],"collection":[{"href":"https:\/\/scriptsbarato.com\/index.php?rest_route=\/wp\/v2\/product"}],"about":[{"href":"https:\/\/scriptsbarato.com\/index.php?rest_route=\/wp\/v2\/types\/product"}],"wp:featuredmedia":[{"embeddable":true,"href":"https:\/\/scriptsbarato.com\/index.php?rest_route=\/wp\/v2\/media\/1537"}],"wp:attachment":[{"href":"https:\/\/scriptsbarato.com\/index.php?rest_route=%2Fwp%2Fv2%2Fmedia&parent=1536"}],"wp:term":[{"taxonomy":"product_brand","embeddable":true,"href":"https:\/\/scriptsbarato.com\/index.php?rest_route=%2Fwp%2Fv2%2Fproduct_brand&post=1536"},{"taxonomy":"product_cat","embeddable":true,"href":"https:\/\/scriptsbarato.com\/index.php?rest_route=%2Fwp%2Fv2%2Fproduct_cat&post=1536"},{"taxonomy":"product_tag","embeddable":true,"href":"https:\/\/scriptsbarato.com\/index.php?rest_route=%2Fwp%2Fv2%2Fproduct_tag&post=1536"}],"curies":[{"name":"wp","href":"https:\/\/api.w.org\/{rel}","templated":true}]}}