{"id":1533,"date":"2025-09-15T14:53:45","date_gmt":"2025-09-15T17:53:45","guid":{"rendered":"https:\/\/cofresecia.com.br\/loja\/?post_type=product&#038;p=1533"},"modified":"2025-09-17T10:29:26","modified_gmt":"2025-09-17T13:29:26","slug":"sistema-gestao-barbearia-php-completo","status":"publish","type":"product","link":"https:\/\/scriptsbarato.com\/?product=sistema-gestao-barbearia-php-completo","title":{"rendered":"Sistema Gest\u00e3o Barbearia PHP Completo"},"content":{"rendered":"<p>&nbsp;<\/p>\n<h3 style=\"text-align: center;\"><a href=\"https:\/\/barbe.x10.mx\/\">Demonstra\u00e7\u00e3o<\/a><\/h3>\n<p style=\"text-align: center;\"><span style=\"color: #000000; font-family: Inter, sans-serif;\">login: admin@admin\u00a0<\/span><\/p>\n<p style=\"text-align: center;\"><span style=\"color: #000000; font-family: Inter, sans-serif;\">Senha: 123<\/span><\/p>\n<p>Sistema Gest\u00e3o Barbearia PHP Completo<\/p>\n<p>Sistema para gest\u00e3o de sal\u00f5es de barbeiros e Cabeleireiros.<\/p>\n<p>&nbsp;<\/p>\n<p>Seu cliente poder\u00e1 acessar o link do sistema e escolher o servi\u00e7o que deseja, hor\u00e1rio dispon\u00edvel.<\/p>\n<p>Agendamento online, gest\u00e3o de produtos para venda no site, cadastro de clientes, lembretes de retorno, comiss\u00e3o em porcentagem ou moeda corrente, cadastro de funcion\u00e1rios com toda administra\u00e7\u00e3o no painel, avalia\u00e7\u00f5es podem ser feitas na p\u00e1gina pelos clientes e mostradas ap\u00f3s valida\u00e7\u00e3o no painel, gest\u00e3o dos funcion\u00e1rios, ativa\u00e7\u00e3o\/desativa\u00e7\u00e3o de acessos e muitas outras funcionalidades.<\/p>\n<p>&nbsp;<\/p>\n<p>Mais algumas op\u00e7\u00f5es do Sistema<\/p>\n<p>&nbsp;<\/p>\n<p>Op\u00e7\u00e3o Cadastros:<\/p>\n<p>Cargos<\/p>\n<p>Categoria de Servi\u00e7os<\/p>\n<p>Grupo de Acessos<\/p>\n<p>Acessos<\/p>\n<p>&nbsp;<\/p>\n<p>Op\u00e7\u00e3o Produtos:<\/p>\n<p>Cadastro de Produtos<\/p>\n<p>Cadastro de Categorias<\/p>\n<p>Estoque Baixo<\/p>\n<p>Sa\u00eddas<\/p>\n<p>Entradas<\/p>\n<p>&nbsp;<\/p>\n<p>Op\u00e7\u00e3o Financeiro:<\/p>\n<p>Vendas<\/p>\n<p>Compras<\/p>\n<p>Contas \u00e0 Pagar<\/p>\n<p>Contas \u00e0 Receber<\/p>\n<p>Comiss\u00f5es<\/p>\n<p>&nbsp;<\/p>\n<p>Op\u00e7\u00e3o Agendamento\/Servi\u00e7os<\/p>\n<p>Agendamento<\/p>\n<p>Servi\u00e7os<\/p>\n<p>&nbsp;<\/p>\n<p>Op\u00e7\u00e3o Relat\u00f3rios<\/p>\n<p>Relat\u00f3rio de Produtos<\/p>\n<p>Entradas\/Ganhos<\/p>\n<p>Sa\u00eddas\/Despesas<\/p>\n<p>Relat\u00f3rio de Comiss\u00f5es<\/p>\n<p>Relat\u00f3rio de Contas<\/p>\n<p>Relat\u00f3rio de Aniversariantes<\/p>\n<p>Demonstrativo de Lucro<\/p>\n<p>&nbsp;<\/p>\n<p>\u00c9 necess\u00e1rio que o usu\u00e1rio tenha conhecimento em instala\u00e7\u00e3o de script PHP.<\/p>\n<p>REQUISIOS PARA INSTALA\u00c7\u00c3O:<\/p>\n<p>&nbsp;<\/p>\n<p>Garantia de Funcionamento Somente para Hospedagem Com:<\/p>\n<p>\u2013 Servidor Linux com cPanel da (cpanel.net)<\/p>\n<p>\u2013 PHP 7.2, 7.3, 7.4, 8.0<\/p>\n<p>\u2013 MySQL<\/p>\n<p>&nbsp;<\/p>\n<p>N\u00e3o inclui suporte de utiliza\u00e7\u00e3o, modifica\u00e7\u00f5es, ou altera\u00e7\u00f5es, voc\u00ea recebe o script com o funcionamento igual ao demo, o script tem c\u00f3digo aberto, voc\u00ea tendo conhecimento poder\u00e1 alterar o que quiser nele.<\/p>\n<p>&nbsp;<\/p>\n<p>Este valor n\u00e3o inclui altera\u00e7\u00f5es no Script ou Personaliza\u00e7\u00f5es, o mesmo fica por conta do comprador pois se trata de um produto de codigo aberto.<\/p>\n<p>&gt;&gt; ATEN\u00c7\u00c3O ATEN\u00c7\u00c3O:\u00a0===========================<\/p>\n<p>\u2013 DEVIDO AO BAIXO CUSTO DO PRODUTO N\u00c3O DAMOS SUPORTE A INSTALA\u00c7\u00c3O!<br \/>\nN\u00c3O DAMOS SUPORTE A USABILIDADE!<br \/>\n\u2013 Tem que ir mexendo para aprender!<\/p>\n<p>&gt;&gt; ENTREGA:\u00a0===========================<\/p>\n<p>\u2013 Entrega imediata ap\u00f3s confirma\u00e7\u00e3o do Pagamento!<br \/>\n\u2013\u00a0Download dispon\u00edvel no\u00a0Painel do Usu\u00e1ri<\/p>\n","protected":false},"excerpt":{"rendered":"<p>&nbsp; Demonstra\u00e7\u00e3o login: admin@admin\u00a0 Senha: 123 Sistema Gest\u00e3o Barbearia PHP Completo Sistema para gest\u00e3o de sal\u00f5es de barbeiros e Cabeleireiros. &nbsp; Seu cliente poder\u00e1 acessar o link do sistema e escolher o servi\u00e7o que deseja, hor\u00e1rio dispon\u00edvel. Agendamento online, gest\u00e3o de produtos para venda no site, cadastro de clientes, lembretes de retorno, comiss\u00e3o em porcentagem [&hellip;]<\/p>\n","protected":false},"featured_media":1658,"template":"","meta":[],"product_brand":[],"product_cat":[81,76],"product_tag":[],"class_list":{"0":"post-1533","1":"product","2":"type-product","3":"status-publish","4":"has-post-thumbnail","6":"product_cat-gerenciamento","7":"product_cat-sites-em-php","9":"first","10":"instock","11":"sale","12":"downloadable","13":"virtual","14":"purchasable","15":"product-type-simple"},"_links":{"self":[{"href":"https:\/\/scriptsbarato.com\/index.php?rest_route=\/wp\/v2\/product\/1533","targetHints":{"allow":["GET"]}}],"collection":[{"href":"https:\/\/scriptsbarato.com\/index.php?rest_route=\/wp\/v2\/product"}],"about":[{"href":"https:\/\/scriptsbarato.com\/index.php?rest_route=\/wp\/v2\/types\/product"}],"wp:featuredmedia":[{"embeddable":true,"href":"https:\/\/scriptsbarato.com\/index.php?rest_route=\/wp\/v2\/media\/1658"}],"wp:attachment":[{"href":"https:\/\/scriptsbarato.com\/index.php?rest_route=%2Fwp%2Fv2%2Fmedia&parent=1533"}],"wp:term":[{"taxonomy":"product_brand","embeddable":true,"href":"https:\/\/scriptsbarato.com\/index.php?rest_route=%2Fwp%2Fv2%2Fproduct_brand&post=1533"},{"taxonomy":"product_cat","embeddable":true,"href":"https:\/\/scriptsbarato.com\/index.php?rest_route=%2Fwp%2Fv2%2Fproduct_cat&post=1533"},{"taxonomy":"product_tag","embeddable":true,"href":"https:\/\/scriptsbarato.com\/index.php?rest_route=%2Fwp%2Fv2%2Fproduct_tag&post=1533"}],"curies":[{"name":"wp","href":"https:\/\/api.w.org\/{rel}","templated":true}]}}