{"id":1529,"date":"2025-09-15T14:34:54","date_gmt":"2025-09-15T17:34:54","guid":{"rendered":"https:\/\/cofresecia.com.br\/loja\/?post_type=product&#038;p=1529"},"modified":"2025-12-06T17:01:31","modified_gmt":"2025-12-06T20:01:31","slug":"script-php-painel-iptv-e-filmes-series-tutorial","status":"publish","type":"product","link":"https:\/\/scriptsbarato.com\/?product=script-php-painel-iptv-e-filmes-series-tutorial","title":{"rendered":"Script Php  Painel Iptv E Filmes Series! + Tutorial"},"content":{"rendered":"<p>Seja Dono Do Seu Painel Iptv E Filmes Series! \u2013 Outros<\/p>\n<p><a href=\"https:\/\/filmesv1.baixatudoja.com\/\"><img decoding=\"async\" class=\"alignnone size-full wp-image-1361\" src=\"https:\/\/scriptsbarato.com\/wp-content\/uploads\/2025\/09\/Botao-1.png\" alt=\"\" width=\"222\" height=\"36\" srcset=\"https:\/\/scriptsbarato.com\/wp-content\/uploads\/2025\/09\/Botao-1.png 222w, https:\/\/scriptsbarato.com\/wp-content\/uploads\/2025\/09\/Botao-1-64x10.png 64w\" sizes=\"(max-width: 222px) 100vw, 222px\" \/><\/a><\/p>\n<div id=\"divDescription\">\n<div>\u2014SEJA DONO DO SEU PAINEL IPTV E FILMES SERIES!\u2014<\/div>\n<div>500 FILMES E S\u00c9RIES INCLUSOS + CANAIS!<\/div>\n<div>VAI COM V\u00cdDEO DE INSTALA\u00c7\u00c3O\u00a0\u2705<\/div>\n<div>100% SEM BUGS<\/div>\n<div>O MELHOR SCRIPT DE FILMES\u00a0\ud83c\udf7f<\/div>\n<div>GARANTA J\u00c1 O SEU\u00a0\ud83d\udd25<\/div>\n<div>Sistema organizador de filmes e s\u00e9ries, este sistema pode armazenar v\u00e1rios filmes e series que voc\u00ea gosta em um \u00fanico Script.<\/div>\n<div>Voc\u00ea p\u00f4de instalar ele tanto em seu servidor (web) como em seu servidor local<\/div>\n<div>O sistema \u00e9 responsivo tamb\u00e9m.<\/div>\n<div>O sistema tem os campos de Usu\u00e1rios, Cadastro de filmes e cadastro de s\u00e9ries.<\/div>\n<div>O sistema tamb\u00e9m possui sistema de login, somente voc\u00ea ou um usu\u00e1rio cadastrado pode acessar o sistema.<\/div>\n<div>Voc\u00ea tamb\u00e9m pode ocultar o bot\u00e3o cadastrar na p\u00e1gina inicial, esta fun\u00e7\u00e3o pode precisa ocultar pelo c\u00f3digo, caso voc\u00ea n\u00e3o queira que mais pessoas crie cadastro para acessar o sistema.<\/div>\n<div>O sistema tamb\u00e9m deixamos nos campos de URL clic\u00e1vel, ap\u00f3s clicar o filme ou a s\u00e9rie ir\u00e1 abrir em seu navegador.<\/div>\n<ul>\n<li>-REVENDA DE CR\u00c9DITOS<\/li>\n<li>-LISTA M3U E P2P<\/li>\n<li>-GEST\u00c3O DE USUARIOS<\/li>\n<li>-PLANOS E ASSINATURAS!<\/li>\n<li>-PAGAMENTOS E ENTREGA AUTOM\u00c1TICAS\u2026<\/li>\n<\/ul>\n<\/div>\n","protected":false},"excerpt":{"rendered":"<p>Seja Dono Do Seu Painel Iptv E Filmes Series! \u2013 Outros \u2014SEJA DONO DO SEU PAINEL IPTV E FILMES SERIES!\u2014 500 FILMES E S\u00c9RIES INCLUSOS + CANAIS! VAI COM V\u00cdDEO DE INSTALA\u00c7\u00c3O\u00a0\u2705 100% SEM BUGS O MELHOR SCRIPT DE FILMES\u00a0\ud83c\udf7f GARANTA J\u00c1 O SEU\u00a0\ud83d\udd25 Sistema organizador de filmes e s\u00e9ries, este sistema pode armazenar v\u00e1rios [&hellip;]<\/p>\n","protected":false},"featured_media":1746,"template":"","meta":[],"product_brand":[],"product_cat":[76],"product_tag":[],"class_list":{"0":"post-1529","1":"product","2":"type-product","3":"status-publish","4":"has-post-thumbnail","6":"product_cat-sites-em-php","8":"first","9":"instock","10":"downloadable","11":"virtual","12":"purchasable","13":"product-type-simple"},"_links":{"self":[{"href":"https:\/\/scriptsbarato.com\/index.php?rest_route=\/wp\/v2\/product\/1529","targetHints":{"allow":["GET"]}}],"collection":[{"href":"https:\/\/scriptsbarato.com\/index.php?rest_route=\/wp\/v2\/product"}],"about":[{"href":"https:\/\/scriptsbarato.com\/index.php?rest_route=\/wp\/v2\/types\/product"}],"wp:featuredmedia":[{"embeddable":true,"href":"https:\/\/scriptsbarato.com\/index.php?rest_route=\/wp\/v2\/media\/1746"}],"wp:attachment":[{"href":"https:\/\/scriptsbarato.com\/index.php?rest_route=%2Fwp%2Fv2%2Fmedia&parent=1529"}],"wp:term":[{"taxonomy":"product_brand","embeddable":true,"href":"https:\/\/scriptsbarato.com\/index.php?rest_route=%2Fwp%2Fv2%2Fproduct_brand&post=1529"},{"taxonomy":"product_cat","embeddable":true,"href":"https:\/\/scriptsbarato.com\/index.php?rest_route=%2Fwp%2Fv2%2Fproduct_cat&post=1529"},{"taxonomy":"product_tag","embeddable":true,"href":"https:\/\/scriptsbarato.com\/index.php?rest_route=%2Fwp%2Fv2%2Fproduct_tag&post=1529"}],"curies":[{"name":"wp","href":"https:\/\/api.w.org\/{rel}","templated":true}]}}