{"id":1526,"date":"2025-09-15T14:31:02","date_gmt":"2025-09-15T17:31:02","guid":{"rendered":"https:\/\/cofresecia.com.br\/loja\/?post_type=product&#038;p=1526"},"modified":"2025-09-15T14:31:03","modified_gmt":"2025-09-15T17:31:03","slug":"script-loja-virtual-em-php","status":"publish","type":"product","link":"https:\/\/scriptsbarato.com\/?product=script-loja-virtual-em-php","title":{"rendered":"Script Loja Virtual em PHP"},"content":{"rendered":"<div>Script Loja Virtual em 100% responsivo em PHP MySQL com Painel Administrador,\u00a0 f\u00e1cil edi\u00e7\u00e3o pelo painel, feito em PHP 5.6 a 7.0 MySQL, utilizando os Framework Bootstrap v3.3.7 e Font Awesome 5.7.0 para agiliza maior performance de navega\u00e7\u00e3o.<\/div>\n<div>Compat\u00edvel com os principais navegadores Google Chrome, Opera, Firefox (Mozilla), Edge, Outros..<\/div>\n<div><\/div>\n<div>Layout Responsivo<\/div>\n<div>F\u00e1cil de Usar<\/div>\n<div>Totalmente Edit\u00e1vel<\/div>\n<div>C\u00f3digo Fonte Aberto. ( O sistema est\u00e1 todo em c\u00f3digo aberto , sendo poss\u00edvel a modificar ou ajustar conforme sua necessidade. )<\/div>\n<div><\/div>\n<div>Garantia de Funcionamento somente para hospedagem com:<\/div>\n<div><\/div>\n<div>REQUISITOS PARA INSTALA\u00c7\u00c3O:<\/div>\n<div><\/div>\n<div>\u2013 Servidor Linux com cPanel da (cpanel.com)<\/div>\n<div>\u2013 PHP 7.4<\/div>\n<div>\u2013 MySQL<\/div>\n<div>\u2013 Apache<\/div>\n<div>\u2013 phpMyAdmin<\/div>\n<div><\/div>\n<div><\/div>\n<div><\/div>\n<div>Garantia de Funcionamento somente para hospedagem com:<\/div>\n<div>REQUISITOS PARA INSTALA\u00c7\u00c3O:<\/div>\n<div><\/div>\n<div>\u2013 Servidor Linux com cPanel da (cpanel.com)<\/div>\n<div>\u2013 PHP 5.6\u00a0 acima<\/div>\n<div>\u2013 MySQL<\/div>\n<div>\u2013 Apache<\/div>\n<div>\u2013 phpMyAdmin<\/div>\n<div><\/div>\n<div><\/div>\n<div><\/div>\n<div>ATEN\u00c7\u00c3O:<\/div>\n<div>N\u00e3o damos suporte a usabilidade! Tem que ir mexendo para aprender!<\/div>\n","protected":false},"excerpt":{"rendered":"<p>Script Loja Virtual em 100% responsivo em PHP MySQL com Painel Administrador,\u00a0 f\u00e1cil edi\u00e7\u00e3o pelo painel, feito em PHP 5.6 a 7.0 MySQL, utilizando os Framework Bootstrap v3.3.7 e Font Awesome 5.7.0 para agiliza maior performance de navega\u00e7\u00e3o. Compat\u00edvel com os principais navegadores Google Chrome, Opera, Firefox (Mozilla), Edge, Outros.. Layout Responsivo F\u00e1cil de Usar [&hellip;]<\/p>\n","protected":false},"featured_media":1527,"template":"","meta":[],"product_brand":[],"product_cat":[76],"product_tag":[],"class_list":{"0":"post-1526","1":"product","2":"type-product","3":"status-publish","4":"has-post-thumbnail","6":"product_cat-sites-em-php","8":"first","9":"instock","10":"downloadable","11":"shipping-taxable","12":"purchasable","13":"product-type-simple"},"_links":{"self":[{"href":"https:\/\/scriptsbarato.com\/index.php?rest_route=\/wp\/v2\/product\/1526","targetHints":{"allow":["GET"]}}],"collection":[{"href":"https:\/\/scriptsbarato.com\/index.php?rest_route=\/wp\/v2\/product"}],"about":[{"href":"https:\/\/scriptsbarato.com\/index.php?rest_route=\/wp\/v2\/types\/product"}],"wp:featuredmedia":[{"embeddable":true,"href":"https:\/\/scriptsbarato.com\/index.php?rest_route=\/wp\/v2\/media\/1527"}],"wp:attachment":[{"href":"https:\/\/scriptsbarato.com\/index.php?rest_route=%2Fwp%2Fv2%2Fmedia&parent=1526"}],"wp:term":[{"taxonomy":"product_brand","embeddable":true,"href":"https:\/\/scriptsbarato.com\/index.php?rest_route=%2Fwp%2Fv2%2Fproduct_brand&post=1526"},{"taxonomy":"product_cat","embeddable":true,"href":"https:\/\/scriptsbarato.com\/index.php?rest_route=%2Fwp%2Fv2%2Fproduct_cat&post=1526"},{"taxonomy":"product_tag","embeddable":true,"href":"https:\/\/scriptsbarato.com\/index.php?rest_route=%2Fwp%2Fv2%2Fproduct_tag&post=1526"}],"curies":[{"name":"wp","href":"https:\/\/api.w.org\/{rel}","templated":true}]}}