{"id":1518,"date":"2025-09-15T14:22:23","date_gmt":"2025-09-15T17:22:23","guid":{"rendered":"https:\/\/cofresecia.com.br\/loja\/?post_type=product&#038;p=1518"},"modified":"2025-09-17T14:31:31","modified_gmt":"2025-09-17T17:31:31","slug":"script-de-namoro-online-em-php-site-de-relacionamentos","status":"publish","type":"product","link":"https:\/\/scriptsbarato.com\/?product=script-de-namoro-online-em-php-site-de-relacionamentos","title":{"rendered":"Script De Namoro Online Em Php &#8211; Site De Relacionamentos"},"content":{"rendered":"<p>&nbsp;<\/p>\n<h4>ATEN\u00c7\u00c3O: LEIA TUDO ANTES DE EFETUAR A COMPRA ####<\/h4>\n<p>Script pronto de Namoro Online em PHP &#8211; Site Administr\u00e1vel.<br \/>\nA melhor maneira de come\u00e7ar seu pr\u00f3prio site de namoro!<\/p>\n<p>Totalmente responsivo, compat\u00edvel com Computadores, Tablets e Celulares.<\/p>\n<p>&gt;&gt; CARACTER\u00cdSTICAS:=========================<\/p>\n<p>CARREGAR IMAGENS:<br \/>\n&#8211; Envie qualquer imagem do seu dispositivo e compartilhe-a on-line com outros usu\u00e1rios<br \/>\nALTO DESEMPENHO E CAPACIDADE:<br \/>\n&#8211; PixelPhoto pode lidar com qualquer quantidade de v\u00eddeo \/ imagens facilmente, com um desempenho muito alto e velocidade.<br \/>\nINTEGRA\u00c7\u00c3O WOWONDER:<br \/>\n&#8211; Com um clique, o usu\u00e1rio pode acessar seu site usando a Rede Social WoWonder.<br \/>\nLIKE:<br \/>\n&#8211; O usu\u00e1rio pode gostar de usu\u00e1rios encontrar a p\u00e1gina de correspond\u00eancia.<br \/>\nPERFIL DO USU\u00c1RIO:<br \/>\n&#8211; O usu\u00e1rio pode criar seu pr\u00f3prio perfil e enviar imagens ilimitadas.<br \/>\nSEO AMIG\u00c1VEL:<br \/>\n&#8211; links amig\u00e1veis com SEO e c\u00f3digo HTML que o Google vai adorar!<br \/>\nPODEROSO PAINEL DO ADMINISTRADOR:<br \/>\n&#8211; Gerencie configura\u00e7\u00f5es, v\u00eddeos, design e muito mais facilmente em nosso painel de administra\u00e7\u00e3o.<br \/>\nPOWERFUL UI:<br \/>\n&#8211; Design bonito e moderno.<br \/>\nSISTEMA PRO:<br \/>\n&#8211; O usu\u00e1rio pode obter os principais recursos inscrevendo-se em um dos pacotes do script pro.<br \/>\nSISTEMA DE CR\u00c9DITO:<br \/>\n&#8211; O usu\u00e1rio deve comprar cr\u00e9dito para us\u00e1-lo em mensagens, presentes, curtidas. etc&#8230;<\/p>\n<p>&nbsp;<\/p>\n","protected":false},"excerpt":{"rendered":"<p>&nbsp; ATEN\u00c7\u00c3O: LEIA TUDO ANTES DE EFETUAR A COMPRA #### Script pronto de Namoro Online em PHP &#8211; Site Administr\u00e1vel. A melhor maneira de come\u00e7ar seu pr\u00f3prio site de namoro! Totalmente responsivo, compat\u00edvel com Computadores, Tablets e Celulares. &gt;&gt; CARACTER\u00cdSTICAS:========================= CARREGAR IMAGENS: &#8211; Envie qualquer imagem do seu dispositivo e compartilhe-a on-line com outros usu\u00e1rios [&hellip;]<\/p>\n","protected":false},"featured_media":1738,"template":"","meta":[],"product_brand":[],"product_cat":[15],"product_tag":[],"class_list":{"0":"post-1518","1":"product","2":"type-product","3":"status-publish","4":"has-post-thumbnail","6":"product_cat-sites-em-wordpress","8":"first","9":"instock","10":"downloadable","11":"virtual","12":"purchasable","13":"product-type-simple"},"_links":{"self":[{"href":"https:\/\/scriptsbarato.com\/index.php?rest_route=\/wp\/v2\/product\/1518","targetHints":{"allow":["GET"]}}],"collection":[{"href":"https:\/\/scriptsbarato.com\/index.php?rest_route=\/wp\/v2\/product"}],"about":[{"href":"https:\/\/scriptsbarato.com\/index.php?rest_route=\/wp\/v2\/types\/product"}],"wp:featuredmedia":[{"embeddable":true,"href":"https:\/\/scriptsbarato.com\/index.php?rest_route=\/wp\/v2\/media\/1738"}],"wp:attachment":[{"href":"https:\/\/scriptsbarato.com\/index.php?rest_route=%2Fwp%2Fv2%2Fmedia&parent=1518"}],"wp:term":[{"taxonomy":"product_brand","embeddable":true,"href":"https:\/\/scriptsbarato.com\/index.php?rest_route=%2Fwp%2Fv2%2Fproduct_brand&post=1518"},{"taxonomy":"product_cat","embeddable":true,"href":"https:\/\/scriptsbarato.com\/index.php?rest_route=%2Fwp%2Fv2%2Fproduct_cat&post=1518"},{"taxonomy":"product_tag","embeddable":true,"href":"https:\/\/scriptsbarato.com\/index.php?rest_route=%2Fwp%2Fv2%2Fproduct_tag&post=1518"}],"curies":[{"name":"wp","href":"https:\/\/api.w.org\/{rel}","templated":true}]}}