{"id":1505,"date":"2025-09-15T14:07:50","date_gmt":"2025-09-15T17:07:50","guid":{"rendered":"https:\/\/cofresecia.com.br\/loja\/?post_type=product&#038;p=1505"},"modified":"2025-09-15T14:10:38","modified_gmt":"2025-09-15T17:10:38","slug":"script-para-gerar-de-qr-code-atualizado","status":"publish","type":"product","link":"https:\/\/scriptsbarato.com\/?product=script-para-gerar-de-qr-code-atualizado","title":{"rendered":"Script Para Gerar de QR Code &#8211; Atualizado"},"content":{"rendered":"<div>Script Para Gerar de QR Code &#8211; Atualizado<\/div>\n<div><\/div>\n<div><\/div>\n<div>SCRIPT GERADOR DE QR CODE<\/div>\n<div><\/div>\n<div><\/div>\n<div><\/div>\n<div>ATEN\u00c7\u00c3O:<\/div>\n<div><\/div>\n<div>APENAS C\u00d3DIGO FONTE FUNCIONANDO COMO NAS IMAGENS!!!<\/div>\n","protected":false},"excerpt":{"rendered":"<p>Script Para Gerar de QR Code &#8211; Atualizado SCRIPT GERADOR DE QR CODE ATEN\u00c7\u00c3O: APENAS C\u00d3DIGO FONTE FUNCIONANDO COMO NAS IMAGENS!!!<\/p>\n","protected":false},"featured_media":1507,"template":"","meta":[],"product_brand":[],"product_cat":[76],"product_tag":[],"class_list":{"0":"post-1505","1":"product","2":"type-product","3":"status-publish","4":"has-post-thumbnail","6":"product_cat-sites-em-php","8":"first","9":"instock","10":"downloadable","11":"shipping-taxable","12":"purchasable","13":"product-type-simple"},"_links":{"self":[{"href":"https:\/\/scriptsbarato.com\/index.php?rest_route=\/wp\/v2\/product\/1505","targetHints":{"allow":["GET"]}}],"collection":[{"href":"https:\/\/scriptsbarato.com\/index.php?rest_route=\/wp\/v2\/product"}],"about":[{"href":"https:\/\/scriptsbarato.com\/index.php?rest_route=\/wp\/v2\/types\/product"}],"wp:featuredmedia":[{"embeddable":true,"href":"https:\/\/scriptsbarato.com\/index.php?rest_route=\/wp\/v2\/media\/1507"}],"wp:attachment":[{"href":"https:\/\/scriptsbarato.com\/index.php?rest_route=%2Fwp%2Fv2%2Fmedia&parent=1505"}],"wp:term":[{"taxonomy":"product_brand","embeddable":true,"href":"https:\/\/scriptsbarato.com\/index.php?rest_route=%2Fwp%2Fv2%2Fproduct_brand&post=1505"},{"taxonomy":"product_cat","embeddable":true,"href":"https:\/\/scriptsbarato.com\/index.php?rest_route=%2Fwp%2Fv2%2Fproduct_cat&post=1505"},{"taxonomy":"product_tag","embeddable":true,"href":"https:\/\/scriptsbarato.com\/index.php?rest_route=%2Fwp%2Fv2%2Fproduct_tag&post=1505"}],"curies":[{"name":"wp","href":"https:\/\/api.w.org\/{rel}","templated":true}]}}