{"id":1484,"date":"2025-09-15T13:11:30","date_gmt":"2025-09-15T16:11:30","guid":{"rendered":"https:\/\/cofresecia.com.br\/loja\/?post_type=product&#038;p=1484"},"modified":"2025-12-06T16:58:31","modified_gmt":"2025-12-06T19:58:31","slug":"chat-ao-vivo-livechat-suporte-ao-vivo-php","status":"publish","type":"product","link":"https:\/\/scriptsbarato.com\/?product=chat-ao-vivo-livechat-suporte-ao-vivo-php","title":{"rendered":"Chat ao vivo &#8211; LiveChat Suporte Ao vivo PHP"},"content":{"rendered":"<p>Chat ao vivo &#8211; LiveChat Suporte Ao vivo PHP &#8211; Outros<\/p>\n<div id=\"divDescription\">\n<div><span style=\"color: %2399ff33; font-size: xx-large;\">Bate-papo de suporte ao vivo.<br \/>\nPHP e MySQL para qualquer site.\u00a0<\/span><\/div>\n<div><span style=\"font-size: large;\">\u00a0<\/span><\/div>\n<div><span style=\"font-size: large;\">Funciona com qualquer site \u2013 est\u00e1tico, PHP, WordPress, Joomla, Drupal,<br \/>\nOpenCart (Em qualquer hospedagem)!<\/span><\/div>\n<div><span style=\"font-size: large;\">\u00a0<\/span><\/div>\n<div><span style=\"font-size: large;\">Instala\u00e7\u00e3o f\u00e1cil<\/span><\/div>\n<div><span style=\"font-size: large;\">Compat\u00edvel at\u00e9 com IE8!<\/span><\/div>\n<div><span style=\"font-size: large;\">Funciona com hospedagem PHP e MySQL<\/span><\/div>\n<div><span style=\"font-size: large;\">Retorno do formul\u00e1rio de contato<\/span><\/div>\n<div><span style=\"font-size: large;\">Suporte m\u00f3vel (widget de convidado responsivo)<\/span><\/div>\n<div><span style=\"font-size: large;\">Notifica\u00e7\u00f5es da \u00e1rea de trabalho<\/span><\/div>\n<div><span style=\"font-size: large;\">V\u00e1rios operadores e convidados conversando<\/span><\/div>\n<div><span style=\"font-size: large;\">Apar\u00eancia limpa e moderna<\/span><\/div>\n<div><span style=\"font-size: large;\">Conjunto de imagens de avatar de alta qualidade<\/span><\/div>\n<div><span style=\"font-size: large;\">Caixa de bate-papo com emoticons de alta qualidade<\/span><\/div>\n<div><span style=\"font-size: large;\">Mensagem inicial de \u201cboas-vindas\u201d ap\u00f3s o login do convidado<\/span><\/div>\n<div>\n<p><span style=\"font-size: large;\">O operador sabe qual p\u00e1gina o convidado est\u00e1 visitando no momento.<\/span><\/p>\n<p>Simples, otimizado de facil instala\u00e7\u00e3o e 100% seguro.<\/p>\n<p>&nbsp;<\/p>\n<\/div>\n<div><span style=\"font-size: large;\">Visualiza\u00e7\u00f5es de mensagens atualizando automaticamente seu<br \/>\ntempo de entrega relativo<\/span><\/div>\n<div><span style=\"font-size: large;\">Notifica\u00e7\u00f5es sonoras (10 sons predefinidos para escolher)<\/span><\/div>\n<div><span style=\"font-size: large;\">Hist\u00f3rico de conversas com filtragem<\/span><\/div>\n<div><span style=\"font-size: large;\">Cores do widget e personaliza\u00e7\u00e3o de textos\/idioma<\/span><\/div>\n<div>\n<p><span style=\"font-size: large;\">Uso ilimitado \u2013 sem taxas mensais<\/span><\/p>\n<p>&nbsp;<\/p>\n<\/div>\n<div><span style=\"color: %2399ff33; font-size: xx-large;\">\u00a0 \u00a0 \u00a0Requisitos:<br \/>\n<\/span><span style=\"font-size: large;\">PHP 5\u00a0<\/span><span style=\"color: %2399ff33; font-size: xx-large;\"><br \/>\n<\/span><\/div>\n<div>\n<p><span style=\"font-size: large;\">MySQL5.<\/span><\/p>\n<p>&nbsp;<\/p>\n<div><span style=\"color: %25239900cc; font-family: impact; font-size: xx-large;\">\u27a5 D\u00daVIDAS NO CHAT AP\u00d3S A COMPRA.<br \/>\n<\/span><span style=\"color: %2523ff9900;\">\u27a5<\/span>\u00a0<span style=\"color: %2523336600;\">ENVIO IMEDIATO.<\/span><span style=\"color: %25239900cc; font-family: impact; font-size: xx-large;\"><br \/>\n<\/span>\u27a5 TUTORIAL DE INSTALA\u00c7\u00c3O<\/div>\n<\/div>\n<\/div>\n","protected":false},"excerpt":{"rendered":"<p>Chat ao vivo &#8211; LiveChat Suporte Ao vivo PHP &#8211; Outros Bate-papo de suporte ao vivo. PHP e MySQL para qualquer site.\u00a0 \u00a0 Funciona com qualquer site \u2013 est\u00e1tico, PHP, WordPress, Joomla, Drupal, OpenCart (Em qualquer hospedagem)! \u00a0 Instala\u00e7\u00e3o f\u00e1cil Compat\u00edvel at\u00e9 com IE8! Funciona com hospedagem PHP e MySQL Retorno do formul\u00e1rio de contato [&hellip;]<\/p>\n","protected":false},"featured_media":1486,"template":"","meta":[],"product_brand":[],"product_cat":[76],"product_tag":[],"class_list":{"0":"post-1484","1":"product","2":"type-product","3":"status-publish","4":"has-post-thumbnail","6":"product_cat-sites-em-php","8":"first","9":"instock","10":"downloadable","11":"shipping-taxable","12":"purchasable","13":"product-type-simple"},"_links":{"self":[{"href":"https:\/\/scriptsbarato.com\/index.php?rest_route=\/wp\/v2\/product\/1484","targetHints":{"allow":["GET"]}}],"collection":[{"href":"https:\/\/scriptsbarato.com\/index.php?rest_route=\/wp\/v2\/product"}],"about":[{"href":"https:\/\/scriptsbarato.com\/index.php?rest_route=\/wp\/v2\/types\/product"}],"wp:featuredmedia":[{"embeddable":true,"href":"https:\/\/scriptsbarato.com\/index.php?rest_route=\/wp\/v2\/media\/1486"}],"wp:attachment":[{"href":"https:\/\/scriptsbarato.com\/index.php?rest_route=%2Fwp%2Fv2%2Fmedia&parent=1484"}],"wp:term":[{"taxonomy":"product_brand","embeddable":true,"href":"https:\/\/scriptsbarato.com\/index.php?rest_route=%2Fwp%2Fv2%2Fproduct_brand&post=1484"},{"taxonomy":"product_cat","embeddable":true,"href":"https:\/\/scriptsbarato.com\/index.php?rest_route=%2Fwp%2Fv2%2Fproduct_cat&post=1484"},{"taxonomy":"product_tag","embeddable":true,"href":"https:\/\/scriptsbarato.com\/index.php?rest_route=%2Fwp%2Fv2%2Fproduct_tag&post=1484"}],"curies":[{"name":"wp","href":"https:\/\/api.w.org\/{rel}","templated":true}]}}