{"id":1459,"date":"2025-09-15T12:03:10","date_gmt":"2025-09-15T15:03:10","guid":{"rendered":"https:\/\/cofresecia.com.br\/loja\/?post_type=product&#038;p=1459"},"modified":"2025-12-06T16:58:03","modified_gmt":"2025-12-06T19:58:03","slug":"script-php-para-criacao-de-loja-online-whatsapp","status":"publish","type":"product","link":"https:\/\/scriptsbarato.com\/?product=script-php-para-criacao-de-loja-online-whatsapp","title":{"rendered":"Script PHP para Cria\u00e7\u00e3o de Loja Online WhatsApp"},"content":{"rendered":"<p>WhatsStore \u00a0v8.2 \u2013 Script PHP para Cria\u00e7\u00e3o de Loja Online WhatsApp para Download Gratuito. O WhatsStore SaaS est\u00e1 aqui para oferecer uma transi\u00e7\u00e3o perfeita do back-end da sua loja para o front-end. Crie cat\u00e1logos e receba pedidos no WhatsApp, desde a gest\u00e3o do estoque de produtos at\u00e9 o atendimento de pedidos. Todos os aspectos da sua loja podem ser gerenciados pelo Whats Store em uma \u00fanica aba.<\/p>\n<h3 class=\"wp-block-heading\">Principais Caracter\u00edsticas<\/h3>\n<ul class=\"wp-block-list\">\n<li>6+<a class=\"thirstylink\" title=\"Temas WordPress\" href=\"https:\/\/nullphpscript.com\/go\/themes\/\" target=\"\" rel=\"\" data-linkid=\"25690\" data-nojs=\"false\"><mark class=\"has-inline-color has-black-color\">Temas<\/mark><\/a><\/li>\n<li>O SaaS oferece 2 pain\u00e9is<\/li>\n<li>Notifica\u00e7\u00e3o por e-mail<\/li>\n<li>Login e registro do cliente<\/li>\n<li>Imposto aplic\u00e1vel<\/li>\n<li>Criar categorias de produtos<\/li>\n<li>Integra\u00e7\u00e3o com WhatsApp<\/li>\n<li>Resumo completo do pedido e impress\u00e3o<\/li>\n<li>Pronto para RTL<\/li>\n<li>Dom\u00ednio e subdom\u00ednio personalizados<\/li>\n<li>Mais de 10 gateways de pagamento<\/li>\n<li>e mais<\/li>\n<\/ul>\n","protected":false},"excerpt":{"rendered":"<p>WhatsStore \u00a0v8.2 \u2013 Script PHP para Cria\u00e7\u00e3o de Loja Online WhatsApp para Download Gratuito. O WhatsStore SaaS est\u00e1 aqui para oferecer uma transi\u00e7\u00e3o perfeita do back-end da sua loja para o front-end. Crie cat\u00e1logos e receba pedidos no WhatsApp, desde a gest\u00e3o do estoque de produtos at\u00e9 o atendimento de pedidos. Todos os aspectos da [&hellip;]<\/p>\n","protected":false},"featured_media":1460,"template":"","meta":[],"product_brand":[],"product_cat":[81,76],"product_tag":[],"class_list":{"0":"post-1459","1":"product","2":"type-product","3":"status-publish","4":"has-post-thumbnail","6":"product_cat-gerenciamento","7":"product_cat-sites-em-php","9":"first","10":"instock","11":"downloadable","12":"shipping-taxable","13":"purchasable","14":"product-type-simple"},"_links":{"self":[{"href":"https:\/\/scriptsbarato.com\/index.php?rest_route=\/wp\/v2\/product\/1459","targetHints":{"allow":["GET"]}}],"collection":[{"href":"https:\/\/scriptsbarato.com\/index.php?rest_route=\/wp\/v2\/product"}],"about":[{"href":"https:\/\/scriptsbarato.com\/index.php?rest_route=\/wp\/v2\/types\/product"}],"wp:featuredmedia":[{"embeddable":true,"href":"https:\/\/scriptsbarato.com\/index.php?rest_route=\/wp\/v2\/media\/1460"}],"wp:attachment":[{"href":"https:\/\/scriptsbarato.com\/index.php?rest_route=%2Fwp%2Fv2%2Fmedia&parent=1459"}],"wp:term":[{"taxonomy":"product_brand","embeddable":true,"href":"https:\/\/scriptsbarato.com\/index.php?rest_route=%2Fwp%2Fv2%2Fproduct_brand&post=1459"},{"taxonomy":"product_cat","embeddable":true,"href":"https:\/\/scriptsbarato.com\/index.php?rest_route=%2Fwp%2Fv2%2Fproduct_cat&post=1459"},{"taxonomy":"product_tag","embeddable":true,"href":"https:\/\/scriptsbarato.com\/index.php?rest_route=%2Fwp%2Fv2%2Fproduct_tag&post=1459"}],"curies":[{"name":"wp","href":"https:\/\/api.w.org\/{rel}","templated":true}]}}