{"id":1407,"date":"2025-09-14T14:57:58","date_gmt":"2025-09-14T17:57:58","guid":{"rendered":"https:\/\/cofresecia.com.br\/loja\/?post_type=product&#038;p=1407"},"modified":"2025-10-19T14:14:23","modified_gmt":"2025-10-19T17:14:23","slug":"pack-3-sites-vendas-wordpress-premium-encapsulado","status":"publish","type":"product","link":"https:\/\/scriptsbarato.com\/?product=pack-3-sites-vendas-wordpress-premium-encapsulado","title":{"rendered":"Pack 3 Sites Vendas WordPress Premium Encapsulado"},"content":{"rendered":"<div>\u2705\u00a0Passo a passo para importa\u00e7\u00e3o:\u00a0<a href=\"https:\/\/www.youtube.com\/watch?v=kbEfAQ_pa98&amp;list=PL_x5TDqHQP4r6_T9U9RAektRQb95vJZ9Z\" target=\"_blank\" rel=\"noreferrer noopener\">Acessar Tutorial em V\u00eddeo<\/a><\/div>\n<div><\/div>\n<div>Voc\u00ea est\u00e1 pronto para levar seu neg\u00f3cio online para o pr\u00f3ximo n\u00edvel? Apresentamos o Pack de 3 Sites de Vendas json WordPress Premium Encapsulado 2024, a solu\u00e7\u00e3o perfeita para quem busca uma presen\u00e7a digital profissional e eficaz!<\/div>\n<div><\/div>\n<div>PRODUTO DIGITAL SEM REEMBOLSO &#8211; N\u00c3O INSTALAMOS &#8211; SUPORTE N\u00c3O INCLUSO &#8211; ENVIO AUTOMATICO<\/div>\n<div><\/div>\n<div>\ud83d\udd39 O que voc\u00ea recebe?<\/div>\n<div><\/div>\n<div>3 Sites de Vendas Profissionais: Cada site \u00e9 projetado para maximizar a convers\u00e3o e facilitar a experi\u00eancia de compra dos seus clientes.<\/div>\n<div>Design Moderno e Responsivo: Todos os sites s\u00e3o otimizados para dispositivos m\u00f3veis, garantindo que seus clientes possam comprar de qualquer lugar.<\/div>\n<div>F\u00e1cil Customiza\u00e7\u00e3o: Personalize os sites de acordo com a identidade da sua marca, sem complica\u00e7\u00f5es.<\/div>\n<div>Otimiza\u00e7\u00e3o SEO Inclusa: Aumente sua visibilidade nas buscas e atraia mais visitantes qualificados.<\/div>\n<div><\/div>\n<div>\ud83d\udd25 N\u00e3o perca tempo! Transforme sua ideia em um neg\u00f3cio lucrativo com nosso Pack de 3 Sites de Vendas WordPress Premium Encapsulado 2024. Adquira agora e comece a vender hoje mesmo!<\/div>\n<div><\/div>\n","protected":false},"excerpt":{"rendered":"<p>\u2705\u00a0Passo a passo para importa\u00e7\u00e3o:\u00a0Acessar Tutorial em V\u00eddeo Voc\u00ea est\u00e1 pronto para levar seu neg\u00f3cio online para o pr\u00f3ximo n\u00edvel? Apresentamos o Pack de 3 Sites de Vendas json WordPress Premium Encapsulado 2024, a solu\u00e7\u00e3o perfeita para quem busca uma presen\u00e7a digital profissional e eficaz! PRODUTO DIGITAL SEM REEMBOLSO &#8211; N\u00c3O INSTALAMOS &#8211; SUPORTE N\u00c3O [&hellip;]<\/p>\n","protected":false},"featured_media":1432,"template":"","meta":[],"product_brand":[],"product_cat":[15,79],"product_tag":[],"class_list":{"0":"post-1407","1":"product","2":"type-product","3":"status-publish","4":"has-post-thumbnail","6":"product_cat-sites-em-wordpress","7":"product_cat-packs-kits","9":"first","10":"instock","11":"downloadable","12":"shipping-taxable","13":"purchasable","14":"product-type-simple"},"_links":{"self":[{"href":"https:\/\/scriptsbarato.com\/index.php?rest_route=\/wp\/v2\/product\/1407","targetHints":{"allow":["GET"]}}],"collection":[{"href":"https:\/\/scriptsbarato.com\/index.php?rest_route=\/wp\/v2\/product"}],"about":[{"href":"https:\/\/scriptsbarato.com\/index.php?rest_route=\/wp\/v2\/types\/product"}],"wp:featuredmedia":[{"embeddable":true,"href":"https:\/\/scriptsbarato.com\/index.php?rest_route=\/wp\/v2\/media\/1432"}],"wp:attachment":[{"href":"https:\/\/scriptsbarato.com\/index.php?rest_route=%2Fwp%2Fv2%2Fmedia&parent=1407"}],"wp:term":[{"taxonomy":"product_brand","embeddable":true,"href":"https:\/\/scriptsbarato.com\/index.php?rest_route=%2Fwp%2Fv2%2Fproduct_brand&post=1407"},{"taxonomy":"product_cat","embeddable":true,"href":"https:\/\/scriptsbarato.com\/index.php?rest_route=%2Fwp%2Fv2%2Fproduct_cat&post=1407"},{"taxonomy":"product_tag","embeddable":true,"href":"https:\/\/scriptsbarato.com\/index.php?rest_route=%2Fwp%2Fv2%2Fproduct_tag&post=1407"}],"curies":[{"name":"wp","href":"https:\/\/api.w.org\/{rel}","templated":true}]}}