{"id":1376,"date":"2025-09-14T13:25:13","date_gmt":"2025-09-14T16:25:13","guid":{"rendered":"https:\/\/cofresecia.com.br\/loja\/?post_type=product&#038;p=1376"},"modified":"2025-12-06T17:01:02","modified_gmt":"2025-12-06T20:01:02","slug":"template-loja-blogger-profissional-com-pix","status":"publish","type":"product","link":"https:\/\/scriptsbarato.com\/?product=template-loja-blogger-profissional-com-pix","title":{"rendered":"Template Loja Blogger Profissional com Pix"},"content":{"rendered":"<p><strong data-start=\"170\" data-end=\"282\">Transforme Suas Vendas com a Loja Virtual Pronta para Produtos Digitais &#8211; Uma Revolu\u00e7\u00e3o para Empreendedores!<\/strong><\/p>\n<p><img decoding=\"async\" class=\"alignnone size-full wp-image-1361\" src=\"https:\/\/scriptsbarato.com\/wp-content\/uploads\/2025\/09\/Botao-1.png\" alt=\"\" width=\"222\" height=\"36\" srcset=\"https:\/\/scriptsbarato.com\/wp-content\/uploads\/2025\/09\/Botao-1.png 222w, https:\/\/scriptsbarato.com\/wp-content\/uploads\/2025\/09\/Botao-1-64x10.png 64w\" sizes=\"(max-width: 222px) 100vw, 222px\" \/><\/p>\n<p>&nbsp;<\/p>\n<p data-start=\"170\" data-end=\"675\">Se voc\u00ea j\u00e1 pensou em iniciar ou expandir o seu neg\u00f3cio online, vendendo produtos digitais de maneira f\u00e1cil e eficaz, temos a solu\u00e7\u00e3o perfeita para voc\u00ea. Imagine ter uma loja virtual completa, j\u00e1 configurada, com produtos digitais prontos para serem vendidos, sem a necessidade de dom\u00ednio pr\u00f3prio ou hospedagem. Agora, pare de imaginar, porque essa oportunidade \u00e9 real e est\u00e1 ao seu alcance!<\/p>\n<hr data-start=\"677\" data-end=\"680\" \/>\n<h3 data-start=\"682\" data-end=\"744\"><strong data-start=\"686\" data-end=\"744\">Por Que Esta Loja Virtual \u00c9 a Escolha Ideal para Voc\u00ea?<\/strong><\/h3>\n<ol data-start=\"746\" data-end=\"2956\">\n<li data-start=\"746\" data-end=\"1143\">\n<p data-start=\"749\" data-end=\"1143\"><strong data-start=\"749\" data-end=\"790\">Pronto para Vender &#8211; Sem Complica\u00e7\u00f5es<\/strong><br data-start=\"790\" data-end=\"793\" \/>Este n\u00e3o \u00e9 apenas um produto, \u00e9 uma solu\u00e7\u00e3o completa. Ao adquirir esta loja virtual, voc\u00ea est\u00e1 recebendo uma plataforma j\u00e1 configurada, com todos os produtos digitais integrados e prontos para venda. Isso significa que n\u00e3o haver\u00e1 necessidade de gastar horas configurando, criando produtos ou ajustando detalhes t\u00e9cnicos. Tudo j\u00e1 est\u00e1 feito para voc\u00ea!<\/p>\n<\/li>\n<li data-start=\"1145\" data-end=\"1563\">\n<p data-start=\"1148\" data-end=\"1563\"><strong data-start=\"1148\" data-end=\"1212\">Produtos Digitais de Alta Qualidade com Permiss\u00e3o de Revenda<\/strong><br data-start=\"1212\" data-end=\"1215\" \/>A loja vem carregada com uma sele\u00e7\u00e3o de produtos digitais cuidadosamente escolhidos, todos com permiss\u00e3o de revenda. E-books, softwares, cursos online, e mais \u2013 tudo j\u00e1 dispon\u00edvel para download imediato. Esses produtos s\u00e3o de alta qualidade e foram selecionados para garantir que seus clientes estejam sempre satisfeitos e voltem para comprar mais.<\/p>\n<\/li>\n<li data-start=\"1565\" data-end=\"1864\">\n<p data-start=\"1568\" data-end=\"1864\"><strong data-start=\"1568\" data-end=\"1600\">P\u00e1gina Pronta para Converter<\/strong><br data-start=\"1600\" data-end=\"1603\" \/>Cada p\u00e1gina de produto foi criada com o objetivo de maximizar as convers\u00f5es. Os textos, imagens e descri\u00e7\u00f5es s\u00e3o claros, atraentes e foram otimizados para convencer seus visitantes a fazer uma compra. Tudo que voc\u00ea precisa fazer \u00e9 come\u00e7ar a divulgar a sua loja!<\/p>\n<\/li>\n<li data-start=\"1866\" data-end=\"2293\">\n<p data-start=\"1869\" data-end=\"2293\"><strong data-start=\"1869\" data-end=\"1909\">Armazenamento Seguro no Google Drive<\/strong><br data-start=\"1909\" data-end=\"1912\" \/>Todos os produtos digitais est\u00e3o armazenados de forma segura no Google Drive, j\u00e1 prontos para download. Isso significa que voc\u00ea n\u00e3o precisa se preocupar com problemas de armazenamento ou com a complexidade de gerenciar arquivos em servidores. E o melhor: voc\u00ea ter\u00e1 um e-mail profissional associado \u00e0 loja, garantindo uma comunica\u00e7\u00e3o mais eficiente e profissional com seus clientes.<\/p>\n<\/li>\n<li data-start=\"2295\" data-end=\"2676\">\n<p data-start=\"2298\" data-end=\"2676\"><strong data-start=\"2298\" data-end=\"2342\">Sem Necessidade de Dom\u00ednio ou Hospedagem<\/strong><br data-start=\"2342\" data-end=\"2345\" \/>Esque\u00e7a as despesas e complica\u00e7\u00f5es de configurar um dom\u00ednio ou pagar por hospedagem. A loja funciona perfeitamente sem essas necessidades, o que significa que voc\u00ea estar\u00e1 economizando tempo e dinheiro. E o melhor de tudo? Sua loja estar\u00e1 sempre online, dispon\u00edvel 24\/7 para seus clientes, garantindo que voc\u00ea nunca perca uma venda.<\/p>\n<\/li>\n<li data-start=\"2678\" data-end=\"2956\">\n<p data-start=\"2681\" data-end=\"2956\"><strong data-start=\"2681\" data-end=\"2718\">Suporte e Atualiza\u00e7\u00f5es Constantes<\/strong><br data-start=\"2718\" data-end=\"2721\" \/>Voc\u00ea n\u00e3o estar\u00e1 sozinho nessa jornada. Oferecemos suporte cont\u00ednuo para garantir que sua loja esteja sempre funcionando perfeitamente. Al\u00e9m disso, voc\u00ea receber\u00e1 atualiza\u00e7\u00f5es regulares para manter sua plataforma sempre moderna e segura.<\/p>\n<\/li>\n<\/ol>\n<hr data-start=\"2958\" data-end=\"2961\" \/>\n<h3 data-start=\"2963\" data-end=\"3016\"><strong data-start=\"2967\" data-end=\"3014\">Mude o Conceito de Vender Produtos Digitais<\/strong><\/h3>\n<p data-start=\"3017\" data-end=\"3352\">Esta loja virtual n\u00e3o \u00e9 apenas mais uma ferramenta, mas sim uma mudan\u00e7a de paradigma na forma como voc\u00ea pode vender produtos digitais. Ela elimina as barreiras t\u00e9cnicas, reduz os custos e maximiza suas chances de sucesso. Tudo o que voc\u00ea precisa para come\u00e7ar a ganhar dinheiro online est\u00e1 inclu\u00eddo \u2013 desde a plataforma at\u00e9 os produtos.<\/p>\n<hr data-start=\"3354\" data-end=\"3357\" \/>\n<h3 data-start=\"3359\" data-end=\"3390\"><strong data-start=\"3363\" data-end=\"3390\">O Que Voc\u00ea Vai Receber:<\/strong><\/h3>\n<ul data-start=\"3392\" data-end=\"3822\">\n<li data-start=\"3392\" data-end=\"3494\"><strong data-start=\"3394\" data-end=\"3420\">Loja Virtual Completa:<\/strong>\u00a0Uma plataforma pronta para vender, com todas as configura\u00e7\u00f5es otimizadas.<\/li>\n<li data-start=\"3495\" data-end=\"3630\"><strong data-start=\"3497\" data-end=\"3528\">Produtos Digitais Inclusos:<\/strong>\u00a0Uma sele\u00e7\u00e3o de produtos digitais prontos para revenda, j\u00e1 configurados e armazenados no Google Drive.<\/li>\n<li data-start=\"3631\" data-end=\"3727\"><strong data-start=\"3633\" data-end=\"3657\">E-mail Profissional:<\/strong>\u00a0Um e-mail corporativo para gerenciar sua comunica\u00e7\u00e3o com os clientes.<\/li>\n<li data-start=\"3728\" data-end=\"3822\"><strong data-start=\"3730\" data-end=\"3775\">Sem Necessidade de Hospedagem ou Dom\u00ednio:<\/strong>\u00a0Uma loja sempre online, sem custos adicionais.<\/li>\n<\/ul>\n<hr data-start=\"3824\" data-end=\"3827\" \/>\n<h3 data-start=\"3829\" data-end=\"3885\"><strong data-start=\"3833\" data-end=\"3883\">Conclus\u00e3o: N\u00e3o Perca Mais Tempo, Comece Agora!<\/strong><\/h3>\n<p data-start=\"3886\" data-end=\"4175\">Se voc\u00ea deseja transformar suas vendas online e aproveitar o crescente mercado de produtos digitais, esta loja virtual \u00e9 a solu\u00e7\u00e3o que voc\u00ea estava procurando. N\u00e3o h\u00e1 necessidade de conhecimentos t\u00e9cnicos ou investimentos elevados. Tudo est\u00e1 pronto para que voc\u00ea comece a vender hoje mesmo.<\/p>\n<p data-start=\"4177\" data-end=\"4323\">Invista em seu futuro digital e adquira sua loja virtual completa agora. Comece a lucrar e veja seu neg\u00f3cio crescer de forma r\u00e1pida e eficiente!<\/p>\n<hr data-start=\"4325\" data-end=\"4328\" \/>\n<h3 data-start=\"4330\" data-end=\"4445\"><strong data-start=\"4334\" data-end=\"4443\">Adquira Sua Pr\u00f3pria Loja Virtual e Personalize do Seu Jeito &#8211; Uma Oportunidade \u00danica para Empreendedores!<\/strong><\/h3>\n<p data-start=\"4446\" data-end=\"4925\">Se voc\u00ea est\u00e1 procurando uma maneira eficaz de entrar no mercado de produtos digitais ou deseja expandir seu neg\u00f3cio online, temos uma oferta especial que vai transformar suas ideias em realidade. Imagine ter acesso a uma loja virtual totalmente pronta, igual \u00e0 que voc\u00ea est\u00e1 vendo agora, mas com a possibilidade de personaliz\u00e1-la com a sua marca, seu estilo e suas prefer\u00eancias. E o melhor de tudo: voc\u00ea receber\u00e1 v\u00eddeo tutoriais detalhados para gui\u00e1-lo em cada passo do processo.<\/p>\n<hr data-start=\"4927\" data-end=\"4930\" \/>\n<h3 data-start=\"4932\" data-end=\"4984\"><strong data-start=\"4936\" data-end=\"4984\">Por Que Esta Loja Virtual \u00e9 Ideal para Voc\u00ea?<\/strong><\/h3>\n<ol data-start=\"4986\" data-end=\"6725\">\n<li data-start=\"4986\" data-end=\"5290\">\n<p data-start=\"4989\" data-end=\"5290\"><strong data-start=\"4989\" data-end=\"5033\">Receba a Mesma Loja Que Est\u00e1 Vendo Agora<\/strong><br data-start=\"5033\" data-end=\"5036\" \/>Ao adquirir este produto, voc\u00ea estar\u00e1 comprando uma loja virtual id\u00eantica \u00e0 que est\u00e1 vendo, j\u00e1 totalmente configurada e carregada com produtos digitais prontos para venda. N\u00e3o h\u00e1 mist\u00e9rios ou surpresas \u2013 o que voc\u00ea v\u00ea \u00e9 exatamente o que voc\u00ea vai receber.<\/p>\n<\/li>\n<li data-start=\"5292\" data-end=\"5620\">\n<p data-start=\"5295\" data-end=\"5620\"><strong data-start=\"5295\" data-end=\"5337\">Personaliza\u00e7\u00e3o Completa &#8211; Do Seu Jeito<\/strong><br data-start=\"5337\" data-end=\"5340\" \/>Quer mudar o logotipo, as cores, ou at\u00e9 mesmo reorganizar os produtos? Sem problema! Voc\u00ea ter\u00e1 total liberdade para editar a loja conforme suas necessidades. A loja ser\u00e1 sua para personalizar como quiser, permitindo que voc\u00ea crie uma presen\u00e7a \u00fanica e memor\u00e1vel no mercado digital.<\/p>\n<\/li>\n<li data-start=\"5622\" data-end=\"6035\">\n<p data-start=\"5625\" data-end=\"6035\"><strong data-start=\"5625\" data-end=\"5655\">V\u00eddeo Tutoriais Detalhados<\/strong><br data-start=\"5655\" data-end=\"5658\" \/>Sabemos que a personaliza\u00e7\u00e3o pode parecer complicada, especialmente se voc\u00ea n\u00e3o tem experi\u00eancia t\u00e9cnica. Por isso, inclu\u00edmos v\u00eddeo tutoriais claros e f\u00e1ceis de seguir, que v\u00e3o te guiar em cada etapa do processo de personaliza\u00e7\u00e3o. Desde a edi\u00e7\u00e3o de imagens at\u00e9 a configura\u00e7\u00e3o de pagamentos, voc\u00ea ter\u00e1 todo o suporte necess\u00e1rio para dar continuidade ao seu projeto com confian\u00e7a.<\/p>\n<\/li>\n<li data-start=\"6037\" data-end=\"6432\">\n<p data-start=\"6040\" data-end=\"6432\"><strong data-start=\"6040\" data-end=\"6092\">Pronto para Vender &#8211; Produtos Digitais Inclu\u00eddos<\/strong><br data-start=\"6092\" data-end=\"6095\" \/>A loja j\u00e1 vem carregada com uma sele\u00e7\u00e3o de produtos digitais de alta qualidade, todos prontos para serem vendidos. Esses produtos est\u00e3o prontos para download imediato, garantindo que voc\u00ea possa come\u00e7ar a lucrar desde o primeiro dia. E todos eles v\u00eam com permiss\u00e3o de revenda, permitindo que voc\u00ea os ofere\u00e7a diretamente aos seus clientes.<\/p>\n<\/li>\n<li data-start=\"6434\" data-end=\"6725\">\n<p data-start=\"6437\" data-end=\"6725\"><strong data-start=\"6437\" data-end=\"6481\">Sem Necessidade de Hospedagem ou Dom\u00ednio<\/strong><br data-start=\"6481\" data-end=\"6484\" \/>Uma das grandes vantagens desta loja \u00e9 que ela funciona sem a necessidade de um dom\u00ednio pr\u00f3prio ou hospedagem. Isso significa que voc\u00ea pode economizar tempo e dinheiro, enquanto sua loja permanece online e dispon\u00edvel 24\/7 para seus clientes.<\/p>\n<\/li>\n<\/ol>\n<hr data-start=\"6727\" data-end=\"6730\" \/>\n<h3 data-start=\"6732\" data-end=\"6798\"><strong data-start=\"6736\" data-end=\"6796\">Conclus\u00e3o: Transforme Sua Ideia em Realidade Hoje Mesmo!<\/strong><\/h3>\n<p data-start=\"6799\" data-end=\"7090\">Este produto oferece uma oportunidade \u00fanica para voc\u00ea entrar no mercado de produtos digitais com uma loja virtual completa, j\u00e1 pronta e configurada, igual \u00e0 que voc\u00ea est\u00e1 vendo agora. E, com a liberdade de personaliz\u00e1-la do seu jeito, voc\u00ea pode realmente fazer com que sua marca se destaque.<\/p>\n<p data-start=\"7092\" data-end=\"7283\">N\u00e3o deixe essa chance passar. Adquira sua loja virtual agora, personalize-a com sua marca, e comece a vender produtos digitais com total confian\u00e7a. O futuro do seu neg\u00f3cio online come\u00e7a aqui!<\/p>\n<p data-start=\"7285\" data-end=\"7585\"><strong data-start=\"7285\" data-end=\"7300\">Observa\u00e7\u00e3o:<\/strong>\u00a0Todos os produtos e configura\u00e7\u00f5es que voc\u00ea vai adquirir s\u00e3o os mesmos que est\u00e3o nesta loja, mas com total liberdade para personalizar e adaptar conforme o seu estilo. E com nossos tutoriais em v\u00eddeo, voc\u00ea ter\u00e1 todo o suporte necess\u00e1rio para transformar essa loja na cara da sua marca.<\/p>\n","protected":false},"excerpt":{"rendered":"<p>Transforme Suas Vendas com a Loja Virtual Pronta para Produtos Digitais &#8211; Uma Revolu\u00e7\u00e3o para Empreendedores! &nbsp; Se voc\u00ea j\u00e1 pensou em iniciar ou expandir o seu neg\u00f3cio online, vendendo produtos digitais de maneira f\u00e1cil e eficaz, temos a solu\u00e7\u00e3o perfeita para voc\u00ea. Imagine ter uma loja virtual completa, j\u00e1 configurada, com produtos digitais prontos [&hellip;]<\/p>\n","protected":false},"featured_media":1377,"template":"","meta":[],"product_brand":[],"product_cat":[82],"product_tag":[],"class_list":{"0":"post-1376","1":"product","2":"type-product","3":"status-publish","4":"has-post-thumbnail","6":"product_cat-blogger","8":"first","9":"instock","10":"downloadable","11":"shipping-taxable","12":"purchasable","13":"product-type-simple"},"_links":{"self":[{"href":"https:\/\/scriptsbarato.com\/index.php?rest_route=\/wp\/v2\/product\/1376","targetHints":{"allow":["GET"]}}],"collection":[{"href":"https:\/\/scriptsbarato.com\/index.php?rest_route=\/wp\/v2\/product"}],"about":[{"href":"https:\/\/scriptsbarato.com\/index.php?rest_route=\/wp\/v2\/types\/product"}],"wp:featuredmedia":[{"embeddable":true,"href":"https:\/\/scriptsbarato.com\/index.php?rest_route=\/wp\/v2\/media\/1377"}],"wp:attachment":[{"href":"https:\/\/scriptsbarato.com\/index.php?rest_route=%2Fwp%2Fv2%2Fmedia&parent=1376"}],"wp:term":[{"taxonomy":"product_brand","embeddable":true,"href":"https:\/\/scriptsbarato.com\/index.php?rest_route=%2Fwp%2Fv2%2Fproduct_brand&post=1376"},{"taxonomy":"product_cat","embeddable":true,"href":"https:\/\/scriptsbarato.com\/index.php?rest_route=%2Fwp%2Fv2%2Fproduct_cat&post=1376"},{"taxonomy":"product_tag","embeddable":true,"href":"https:\/\/scriptsbarato.com\/index.php?rest_route=%2Fwp%2Fv2%2Fproduct_tag&post=1376"}],"curies":[{"name":"wp","href":"https:\/\/api.w.org\/{rel}","templated":true}]}}