{"id":1373,"date":"2025-09-14T13:16:59","date_gmt":"2025-09-14T16:16:59","guid":{"rendered":"https:\/\/cofresecia.com.br\/loja\/?post_type=product&#038;p=1373"},"modified":"2025-09-14T13:17:36","modified_gmt":"2025-09-14T16:17:36","slug":"site-para-salao-de-beleza-elementorwordpress","status":"publish","type":"product","link":"https:\/\/scriptsbarato.com\/?product=site-para-salao-de-beleza-elementorwordpress","title":{"rendered":"Site Para Sal\u00e3o de Beleza \u2013 Elementor+WordPress"},"content":{"rendered":"<div class=\"elementor-element elementor-element-385c3ee3 elementor-widget elementor-widget-woocommerce-product-title elementor-page-title elementor-widget-heading\" data-id=\"385c3ee3\" data-element_type=\"widget\" data-widget_type=\"woocommerce-product-title.default\">\n<div class=\"elementor-widget-container\">\n<h1 class=\"product_title entry-title elementor-heading-title elementor-size-default\">Site Para Sal\u00e3o de Beleza \u2013 Elementor+WordPress \u2013 COD-9781<\/h1>\n<\/div>\n<\/div>\n<div class=\"elementor-element elementor-element-1288473 elementor-widget elementor-widget-woocommerce-product-content\" data-id=\"1288473\" data-element_type=\"widget\" data-widget_type=\"woocommerce-product-content.default\">\n<div class=\"elementor-widget-container\">\n<p><b>Template WordPress + Elementor ( Sal\u00e3o de Beleza )<\/b><\/p>\n<p><img decoding=\"async\" class=\"alignnone size-full wp-image-1361\" src=\"https:\/\/scriptsbarato.com\/wp-content\/uploads\/2025\/09\/Botao-1.png\" alt=\"\" width=\"222\" height=\"36\" srcset=\"https:\/\/scriptsbarato.com\/wp-content\/uploads\/2025\/09\/Botao-1.png 222w, https:\/\/scriptsbarato.com\/wp-content\/uploads\/2025\/09\/Botao-1-64x10.png 64w\" sizes=\"(max-width: 222px) 100vw, 222px\" \/><\/p>\n<ul>\n<li>Template de Landing Page Completo<\/li>\n<li>Design \u00danico e Moderno<\/li>\n<li>Otimizado para Tablet e Mobile<\/li>\n<li>Template Edit\u00e1vel<\/li>\n<li>Feito com Elementor Pro<\/li>\n<li>Edite todas as cores<\/li>\n<li>Agendamento de Hor\u00e1rio direto no WhatsApp<\/li>\n<li><b>Plugins Inclusos<\/b><\/li>\n<li>Elementor<\/li>\n<li>Elementor\u00a0<b>Pro<\/b><\/li>\n<li><b>Perguntas Frequentes<\/b><\/li>\n<li><b>Em quantos dom\u00ednios posso instalar?<\/b><br \/>\nVoc\u00ea pode instalar em quantos dom\u00ednios voc\u00ea quiser!<\/li>\n<li><b>Como vou receber o template?<\/b><br \/>\nVoc\u00ea recebe o produto em at\u00e9 5 Minutos ap\u00f3s confirma\u00e7\u00e3o do pagamento, acessando sua conta com email e senha cadastrada em nossa loja.<\/li>\n<\/ul>\n<\/div>\n<\/div>\n","protected":false},"excerpt":{"rendered":"<p>Site Para Sal\u00e3o de Beleza \u2013 Elementor+WordPress \u2013 COD-9781 Template WordPress + Elementor ( Sal\u00e3o de Beleza ) Template de Landing Page Completo Design \u00danico e Moderno Otimizado para Tablet e Mobile Template Edit\u00e1vel Feito com Elementor Pro Edite todas as cores Agendamento de Hor\u00e1rio direto no WhatsApp Plugins Inclusos Elementor Elementor\u00a0Pro Perguntas Frequentes Em [&hellip;]<\/p>\n","protected":false},"featured_media":1375,"template":"","meta":[],"product_brand":[],"product_cat":[15,81],"product_tag":[],"class_list":{"0":"post-1373","1":"product","2":"type-product","3":"status-publish","4":"has-post-thumbnail","6":"product_cat-sites-em-wordpress","7":"product_cat-gerenciamento","9":"first","10":"instock","11":"downloadable","12":"shipping-taxable","13":"purchasable","14":"product-type-simple"},"_links":{"self":[{"href":"https:\/\/scriptsbarato.com\/index.php?rest_route=\/wp\/v2\/product\/1373","targetHints":{"allow":["GET"]}}],"collection":[{"href":"https:\/\/scriptsbarato.com\/index.php?rest_route=\/wp\/v2\/product"}],"about":[{"href":"https:\/\/scriptsbarato.com\/index.php?rest_route=\/wp\/v2\/types\/product"}],"wp:featuredmedia":[{"embeddable":true,"href":"https:\/\/scriptsbarato.com\/index.php?rest_route=\/wp\/v2\/media\/1375"}],"wp:attachment":[{"href":"https:\/\/scriptsbarato.com\/index.php?rest_route=%2Fwp%2Fv2%2Fmedia&parent=1373"}],"wp:term":[{"taxonomy":"product_brand","embeddable":true,"href":"https:\/\/scriptsbarato.com\/index.php?rest_route=%2Fwp%2Fv2%2Fproduct_brand&post=1373"},{"taxonomy":"product_cat","embeddable":true,"href":"https:\/\/scriptsbarato.com\/index.php?rest_route=%2Fwp%2Fv2%2Fproduct_cat&post=1373"},{"taxonomy":"product_tag","embeddable":true,"href":"https:\/\/scriptsbarato.com\/index.php?rest_route=%2Fwp%2Fv2%2Fproduct_tag&post=1373"}],"curies":[{"name":"wp","href":"https:\/\/api.w.org\/{rel}","templated":true}]}}