{"id":1300,"date":"2025-09-14T09:58:15","date_gmt":"2025-09-14T12:58:15","guid":{"rendered":"https:\/\/cofresecia.com.br\/loja\/?post_type=product&#038;p=1300"},"modified":"2025-09-14T10:01:07","modified_gmt":"2025-09-14T13:01:07","slug":"script-para-site-de-imobiliaria","status":"publish","type":"product","link":"https:\/\/scriptsbarato.com\/?product=script-para-site-de-imobiliaria","title":{"rendered":"Script Para Site de Imobili\u00e1ria"},"content":{"rendered":"<p>Nosso script para site de imobili\u00e1ria oferece uma solu\u00e7\u00e3o completa e de f\u00e1cil instala\u00e7\u00e3o. Com um sistema administrativo integrado, voc\u00ea ter\u00e1 total controle sobre o conte\u00fado do seu site. Al\u00e9m disso, o layout \u00e9 responsivo, se adaptando perfeitamente a diferentes dispositivos. Tenha um site profissional, gerencie suas propriedades e conquiste mais clientes de forma r\u00e1pida e eficiente.<\/p>\n<p>&nbsp;<\/p>\n<section class=\"elementor-section elementor-top-section elementor-element elementor-element-31b7d629 elementor-section-boxed elementor-section-height-default elementor-section-height-default\" data-id=\"31b7d629\" data-element_type=\"section\" data-settings=\"{&quot;jet_parallax_layout_list&quot;:[]}\">\n<div class=\"elementor-container elementor-column-gap-default\">\n<div class=\"elementor-column elementor-col-100 elementor-top-column elementor-element elementor-element-6adfaf7c\" data-id=\"6adfaf7c\" data-element_type=\"column\">\n<div class=\"elementor-widget-wrap elementor-element-populated\">\n<div class=\"elementor-element elementor-element-7bd7a766 elementor-widget elementor-widget-heading\" data-id=\"7bd7a766\" data-element_type=\"widget\" data-widget_type=\"heading.default\">\n<div class=\"elementor-widget-container\">\n<h2 class=\"elementor-heading-title elementor-size-default\">Script pronto para Site de Imobili\u00e1ria<\/h2>\n<\/div>\n<\/div>\n<div class=\"elementor-element elementor-element-2504723f elementor-widget elementor-widget-text-editor\" data-id=\"2504723f\" data-element_type=\"widget\" data-widget_type=\"text-editor.default\">\n<div class=\"elementor-widget-container\">\n<p>Site imobili\u00e1rio e corretor responsivo em PHP\/MySQL. Painel administrador intuitivo. Compat\u00edvel com principais navegadores. Layout responsivo e f\u00e1cil de usar. C\u00f3digo fonte aberto para personaliza\u00e7\u00e3o. Agilidade e performance com Bootstrap v3.3.7 e Font Awesome 5.7.0.<\/p>\n<\/div>\n<\/div>\n<div class=\"elementor-element elementor-element-54051e7d elementor-widget elementor-widget-heading\" data-id=\"54051e7d\" data-element_type=\"widget\" data-widget_type=\"heading.default\">\n<div class=\"elementor-widget-container\">\n<h2 class=\"elementor-heading-title elementor-size-default\">Demonstra\u00e7\u00e3o Online\u00a0<img decoding=\"async\" class=\"emoji\" role=\"img\" src=\"https:\/\/s.w.org\/images\/core\/emoji\/14.0.0\/svg\/1f525.svg\" alt=\"\ud83d\udd25\" \/><\/h2>\n<\/div>\n<\/div>\n<div class=\"elementor-element elementor-element-59ff4aa elementor-button-success elementor-align-center elementor-widget elementor-widget-button\" data-id=\"59ff4aa\" data-element_type=\"widget\" data-widget_type=\"button.default\">\n<div class=\"elementor-widget-container\">\n<div class=\"elementor-button-wrapper\"><a class=\"elementor-button elementor-button-link elementor-size-sm\" href=\"https:\/\/plwdesign.online\/sitesprontos\/modelo1\/\" target=\"_blank\" rel=\"noopener\"><span class=\"elementor-button-content-wrapper\"><span class=\"elementor-button-text\">ACESSAR DEMONSTRA\u00c7\u00c3O<\/span><\/span><\/a><\/div>\n<\/div>\n<\/div>\n<div class=\"elementor-element elementor-element-92cca5e elementor-widget elementor-widget-heading\" data-id=\"92cca5e\" data-element_type=\"widget\" data-widget_type=\"heading.default\">\n<div class=\"elementor-widget-container\">\n<h2 class=\"elementor-heading-title elementor-size-default\">FUN\u00c7\u00d5ES DO GERENCIADOR DE CONTE\u00daDOS:<\/h2>\n<\/div>\n<\/div>\n<\/div>\n<\/div>\n<\/div>\n<\/section>\n<section class=\"elementor-section elementor-top-section elementor-element elementor-element-5e584c17 elementor-section-boxed elementor-section-height-default elementor-section-height-default\" data-id=\"5e584c17\" data-element_type=\"section\" data-settings=\"{&quot;jet_parallax_layout_list&quot;:[]}\">\n<div class=\"elementor-container elementor-column-gap-default\">\n<div class=\"elementor-column elementor-col-100 elementor-top-column elementor-element elementor-element-3ec7d6ff\" data-id=\"3ec7d6ff\" data-element_type=\"column\">\n<div class=\"elementor-widget-wrap elementor-element-populated\">\n<div class=\"elementor-element elementor-element-d5f7d36 elementor-widget elementor-widget-text-editor\" data-id=\"d5f7d36\" data-element_type=\"widget\" data-widget_type=\"text-editor.default\">\n<div class=\"elementor-widget-container\">\n<p>\u2013 Adicione Banners do Slide<br \/>\n\u2013 Cadastro de E-mails<br \/>\n\u2013 \u00c1rea do Cliente<br \/>\n\u2013 Configura\u00e7\u00f5es: ( E-mail de Contato \u2013 Meta Titulo da Pagina e Descri\u00e7\u00e3o \u2013<br \/>\n\u2013 Configura\u00e7\u00f5es de SMTP \u2013 Logo do Sistema )<br \/>\n\u2013 Edite Cores e Menu Topo e Rodap\u00e9<br \/>\n\u2013 Cadastro de Im\u00f3veis<br \/>\n\u2013 Cadastro de Clientes<br \/>\n\u2013 Cadastro de Cidades<br \/>\n\u2013 Cadastro de Bairros<br \/>\n\u2013 Cadastro de Tipos ( Ex. Apartamentos, Fazendas etc.. )<br \/>\n\u2013 Imagens Layout: ( Logo \u2013 Banners \u2013 Favicon )<br \/>\n\u2013 Redes Sociais ( Facebook \u2013 WhatsApp \u2013 Instagram e outras )<br \/>\n\u2013 Textos e Paginas<br \/>\n\u2013 Layout Topo<br \/>\n\u2013 Layout Rodap\u00e9<br \/>\n\u2013 Layout Paginas<br \/>\n\u2013 Crie P\u00e1ginas Ilimitadas<br \/>\n\u2013 Permiss\u00e3o de Usu\u00e1rios<\/p>\n<\/div>\n<\/div>\n<\/div>\n<\/div>\n<\/div>\n<\/section>\n","protected":false},"excerpt":{"rendered":"<p>Nosso script para site de imobili\u00e1ria oferece uma solu\u00e7\u00e3o completa e de f\u00e1cil instala\u00e7\u00e3o. Com um sistema administrativo integrado, voc\u00ea ter\u00e1 total controle sobre o conte\u00fado do seu site. Al\u00e9m disso, o layout \u00e9 responsivo, se adaptando perfeitamente a diferentes dispositivos. Tenha um site profissional, gerencie suas propriedades e conquiste mais clientes de forma r\u00e1pida [&hellip;]<\/p>\n","protected":false},"featured_media":1302,"template":"","meta":[],"product_brand":[],"product_cat":[76],"product_tag":[],"class_list":{"0":"post-1300","1":"product","2":"type-product","3":"status-publish","4":"has-post-thumbnail","6":"product_cat-sites-em-php","8":"first","9":"instock","10":"downloadable","11":"shipping-taxable","12":"purchasable","13":"product-type-simple"},"_links":{"self":[{"href":"https:\/\/scriptsbarato.com\/index.php?rest_route=\/wp\/v2\/product\/1300","targetHints":{"allow":["GET"]}}],"collection":[{"href":"https:\/\/scriptsbarato.com\/index.php?rest_route=\/wp\/v2\/product"}],"about":[{"href":"https:\/\/scriptsbarato.com\/index.php?rest_route=\/wp\/v2\/types\/product"}],"wp:featuredmedia":[{"embeddable":true,"href":"https:\/\/scriptsbarato.com\/index.php?rest_route=\/wp\/v2\/media\/1302"}],"wp:attachment":[{"href":"https:\/\/scriptsbarato.com\/index.php?rest_route=%2Fwp%2Fv2%2Fmedia&parent=1300"}],"wp:term":[{"taxonomy":"product_brand","embeddable":true,"href":"https:\/\/scriptsbarato.com\/index.php?rest_route=%2Fwp%2Fv2%2Fproduct_brand&post=1300"},{"taxonomy":"product_cat","embeddable":true,"href":"https:\/\/scriptsbarato.com\/index.php?rest_route=%2Fwp%2Fv2%2Fproduct_cat&post=1300"},{"taxonomy":"product_tag","embeddable":true,"href":"https:\/\/scriptsbarato.com\/index.php?rest_route=%2Fwp%2Fv2%2Fproduct_tag&post=1300"}],"curies":[{"name":"wp","href":"https:\/\/api.w.org\/{rel}","templated":true}]}}